{"id":10,"date":"2016-01-07T09:28:27","date_gmt":"2016-01-07T09:28:27","guid":{"rendered":"http:\/\/www.ag-kasuistik.uni-goettingen.de\/?page_id=10"},"modified":"2025-03-17T10:48:28","modified_gmt":"2025-03-17T09:48:28","slug":"example-post","status":"publish","type":"page","link":"https:\/\/www.ag-kasuistik.de\/?page_id=10","title":{"rendered":"Kooperationen"},"content":{"rendered":"<hr \/>\n<p>Archiv f\u00fcr p\u00e4dagogische Kasuistik der Goethe-Universit\u00e4t Frankfurt<br \/>\n<a href=\"http:\/\/www.apaek.uni-frankfurt.de\/55817402\/WEIII_AG_ApaeK?legacy_request=1\" target=\"_blank\" rel=\"noopener\">APAEK<\/a><\/p>\n<p>Kasuistische Fallsammlung der Leibniz Universit\u00e4t Hannover<br \/>\n<a href=\"https:\/\/www.kasus.uni-hannover.de\/112.html\" target=\"_blank\" rel=\"noopener\">KASUS<\/a><\/p>\n<p>Online Fallarchiv Schulp\u00e4dagogik der Universit\u00e4t Kassel<br \/>\n<a href=\"http:\/\/www.fallarchiv.uni-kassel.de\/\" target=\"_blank\" rel=\"noopener\">Online Fallarchiv<\/a><\/p>\n<p>HILDE-Archiv der Universit\u00e4t Hildesheim<br \/>\n<a href=\"https:\/\/www.uni-hildesheim.de\/celeb\/projekte\/fallarchiv-hilde\/\">HILDE-Archiv<\/a><\/p>\n<p>Hallesches Fallarchiv der Universit\u00e4t Halle-Wittenberg<br \/>\n<a href=\"https:\/\/fallportal.zlb.uni-halle.de\/\">Hallesches Fallportal<\/a><\/p>\n","protected":false},"excerpt":{"rendered":"<p>Archiv f\u00fcr p\u00e4dagogische Kasuistik der Goethe-Universit\u00e4t Frankfurt APAEK Kasuistische Fallsammlung der Leibniz Universit\u00e4t Hannover KASUS Online Fallarchiv Schulp\u00e4dagogik der Universit\u00e4t Kassel Online Fallarchiv HILDE-Archiv der Universit\u00e4t Hildesheim HILDE-Archiv Hallesches Fallarchiv der Universit\u00e4t Halle-Wittenberg Hallesches Fallportal<\/p>\n","protected":false},"author":2,"featured_media":0,"parent":0,"menu_order":0,"comment_status":"closed","ping_status":"closed","template":"","meta":{"footnotes":""},"yoast_head":"<!-- This site is optimized with the Yoast SEO plugin v21.5 - https:\/\/yoast.com\/wordpress\/plugins\/seo\/ -->\n<title>Kooperationen - AG Kasuistik<\/title>\n<meta name=\"robots\" content=\"index, follow, max-snippet:-1, max-image-preview:large, max-video-preview:-1\" \/>\n<link rel=\"canonical\" href=\"https:\/\/www.ag-kasuistik.de\/?page_id=10\" \/>\n<meta property=\"og:locale\" content=\"de_DE\" \/>\n<meta property=\"og:type\" content=\"article\" \/>\n<meta property=\"og:title\" content=\"Kooperationen - AG Kasuistik\" \/>\n<meta property=\"og:description\" content=\"Archiv f\u00fcr p\u00e4dagogische Kasuistik der Goethe-Universit\u00e4t Frankfurt APAEK Kasuistische Fallsammlung der Leibniz Universit\u00e4t Hannover KASUS Online Fallarchiv Schulp\u00e4dagogik der Universit\u00e4t Kassel Online Fallarchiv HILDE-Archiv der Universit\u00e4t Hildesheim HILDE-Archiv Hallesches Fallarchiv der Universit\u00e4t Halle-Wittenberg Hallesches Fallportal\" \/>\n<meta property=\"og:url\" content=\"https:\/\/www.ag-kasuistik.de\/?page_id=10\" \/>\n<meta property=\"og:site_name\" content=\"AG Kasuistik\" \/>\n<meta property=\"article:modified_time\" content=\"2025-03-17T09:48:28+00:00\" \/>\n<meta name=\"twitter:card\" content=\"summary_large_image\" \/>\n<meta name=\"twitter:label1\" content=\"Gesch\u00e4tzte Lesezeit\" \/>\n\t<meta name=\"twitter:data1\" content=\"1\u00a0Minute\" \/>\n<script type=\"application\/ld+json\" class=\"yoast-schema-graph\">{\"@context\":\"https:\/\/schema.org\",\"@graph\":[{\"@type\":\"WebPage\",\"@id\":\"https:\/\/www.ag-kasuistik.de\/?page_id=10\",\"url\":\"https:\/\/www.ag-kasuistik.de\/?page_id=10\",\"name\":\"Kooperationen - AG Kasuistik\",\"isPartOf\":{\"@id\":\"https:\/\/www.ag-kasuistik.de\/#website\"},\"datePublished\":\"2016-01-07T09:28:27+00:00\",\"dateModified\":\"2025-03-17T09:48:28+00:00\",\"breadcrumb\":{\"@id\":\"https:\/\/www.ag-kasuistik.de\/?page_id=10#breadcrumb\"},\"inLanguage\":\"de\",\"potentialAction\":[{\"@type\":\"ReadAction\",\"target\":[\"https:\/\/www.ag-kasuistik.de\/?page_id=10\"]}]},{\"@type\":\"BreadcrumbList\",\"@id\":\"https:\/\/www.ag-kasuistik.de\/?page_id=10#breadcrumb\",\"itemListElement\":[{\"@type\":\"ListItem\",\"position\":1,\"name\":\"Home\",\"item\":\"https:\/\/www.ag-kasuistik.de\/\"},{\"@type\":\"ListItem\",\"position\":2,\"name\":\"Kooperationen\"}]},{\"@type\":\"WebSite\",\"@id\":\"https:\/\/www.ag-kasuistik.de\/#website\",\"url\":\"https:\/\/www.ag-kasuistik.de\/\",\"name\":\"AG Kasuistik\",\"description\":\"Arbeitsgemeinschaft Kasuistik in der Lehrer_innenbildung\",\"potentialAction\":[{\"@type\":\"SearchAction\",\"target\":{\"@type\":\"EntryPoint\",\"urlTemplate\":\"https:\/\/www.ag-kasuistik.de\/?s={search_term_string}\"},\"query-input\":\"required name=search_term_string\"}],\"inLanguage\":\"de\"}]}<\/script>\n<!-- \/ Yoast SEO plugin. -->","yoast_head_json":{"title":"Kooperationen - AG Kasuistik","robots":{"index":"index","follow":"follow","max-snippet":"max-snippet:-1","max-image-preview":"max-image-preview:large","max-video-preview":"max-video-preview:-1"},"canonical":"https:\/\/www.ag-kasuistik.de\/?page_id=10","og_locale":"de_DE","og_type":"article","og_title":"Kooperationen - AG Kasuistik","og_description":"Archiv f\u00fcr p\u00e4dagogische Kasuistik der Goethe-Universit\u00e4t Frankfurt APAEK Kasuistische Fallsammlung der Leibniz Universit\u00e4t Hannover KASUS Online Fallarchiv Schulp\u00e4dagogik der Universit\u00e4t Kassel Online Fallarchiv HILDE-Archiv der Universit\u00e4t Hildesheim HILDE-Archiv Hallesches Fallarchiv der Universit\u00e4t Halle-Wittenberg Hallesches Fallportal","og_url":"https:\/\/www.ag-kasuistik.de\/?page_id=10","og_site_name":"AG Kasuistik","article_modified_time":"2025-03-17T09:48:28+00:00","twitter_card":"summary_large_image","twitter_misc":{"Gesch\u00e4tzte Lesezeit":"1\u00a0Minute"},"schema":{"@context":"https:\/\/schema.org","@graph":[{"@type":"WebPage","@id":"https:\/\/www.ag-kasuistik.de\/?page_id=10","url":"https:\/\/www.ag-kasuistik.de\/?page_id=10","name":"Kooperationen - AG Kasuistik","isPartOf":{"@id":"https:\/\/www.ag-kasuistik.de\/#website"},"datePublished":"2016-01-07T09:28:27+00:00","dateModified":"2025-03-17T09:48:28+00:00","breadcrumb":{"@id":"https:\/\/www.ag-kasuistik.de\/?page_id=10#breadcrumb"},"inLanguage":"de","potentialAction":[{"@type":"ReadAction","target":["https:\/\/www.ag-kasuistik.de\/?page_id=10"]}]},{"@type":"BreadcrumbList","@id":"https:\/\/www.ag-kasuistik.de\/?page_id=10#breadcrumb","itemListElement":[{"@type":"ListItem","position":1,"name":"Home","item":"https:\/\/www.ag-kasuistik.de\/"},{"@type":"ListItem","position":2,"name":"Kooperationen"}]},{"@type":"WebSite","@id":"https:\/\/www.ag-kasuistik.de\/#website","url":"https:\/\/www.ag-kasuistik.de\/","name":"AG Kasuistik","description":"Arbeitsgemeinschaft Kasuistik in der Lehrer_innenbildung","potentialAction":[{"@type":"SearchAction","target":{"@type":"EntryPoint","urlTemplate":"https:\/\/www.ag-kasuistik.de\/?s={search_term_string}"},"query-input":"required name=search_term_string"}],"inLanguage":"de"}]}},"_links":{"self":[{"href":"https:\/\/www.ag-kasuistik.de\/index.php?rest_route=\/wp\/v2\/pages\/10"}],"collection":[{"href":"https:\/\/www.ag-kasuistik.de\/index.php?rest_route=\/wp\/v2\/pages"}],"about":[{"href":"https:\/\/www.ag-kasuistik.de\/index.php?rest_route=\/wp\/v2\/types\/page"}],"author":[{"embeddable":true,"href":"https:\/\/www.ag-kasuistik.de\/index.php?rest_route=\/wp\/v2\/users\/2"}],"replies":[{"embeddable":true,"href":"https:\/\/www.ag-kasuistik.de\/index.php?rest_route=%2Fwp%2Fv2%2Fcomments&post=10"}],"version-history":[{"count":15,"href":"https:\/\/www.ag-kasuistik.de\/index.php?rest_route=\/wp\/v2\/pages\/10\/revisions"}],"predecessor-version":[{"id":1501,"href":"https:\/\/www.ag-kasuistik.de\/index.php?rest_route=\/wp\/v2\/pages\/10\/revisions\/1501"}],"wp:attachment":[{"href":"https:\/\/www.ag-kasuistik.de\/index.php?rest_route=%2Fwp%2Fv2%2Fmedia&parent=10"}],"curies":[{"name":"wp","href":"https:\/\/api.w.org\/{rel}","templated":true}]}}