{"id":1058,"date":"2023-03-23T11:11:08","date_gmt":"2023-03-23T11:11:08","guid":{"rendered":"https:\/\/www.ag-kasuistik.de\/?page_id=1058"},"modified":"2023-11-23T09:49:50","modified_gmt":"2023-11-23T08:49:50","slug":"veranstaltungsarchiv","status":"publish","type":"page","link":"https:\/\/www.ag-kasuistik.de\/?page_id=1058","title":{"rendered":"Veranstaltungsarchiv"},"content":{"rendered":"\n<p>F\u00fcr weitere Informationen von einzelnen Tagungen klicken Sie bitte auf den jeweiligen Tagungstermin.<\/p>\n\n\n\n<table id=\"tablepress-2\" class=\"tablepress tablepress-id-2\">\n<thead>\n<tr class=\"row-1 odd\">\n\t<th class=\"column-1\">Tagungstermin<\/th><th class=\"column-2\">Veranstaltungsort<\/th><th class=\"column-3\">Tagungsthema<\/th>\n<\/tr>\n<\/thead>\n<tbody class=\"row-hover\">\n<tr class=\"row-2 even\">\n\t<td class=\"column-1\"><a href=\"https:\/\/www.ag-kasuistik.de\/?page_id=1570\">13.-14.11.2025<\/a><\/td><td class=\"column-2\">Kassel<\/td><td class=\"column-3\">Normativit\u00e4t und Normalisierung bei der Fallarbeit<\/td>\n<\/tr>\n<tr class=\"row-3 odd\">\n\t<td class=\"column-1\"><a href=\"https:\/\/www.ag-kasuistik.de\/?page_id=1515\">24.-25.04.2025<\/a><\/td><td class=\"column-2\">Wien<\/td><td class=\"column-3\">Lehrer:innen-Sch\u00fcler:innen-Interaktionen. Methodologische und methodische Erkundungen<\/td>\n<\/tr>\n<tr class=\"row-4 even\">\n\t<td class=\"column-1\"><a href=\"https:\/\/www.ag-kasuistik.de\/?page_id=1451\">22.-23.11.2024<\/a><\/td><td class=\"column-2\">Hannover<\/td><td class=\"column-3\">10 Jahre AG Kasuistik in der Lehrer:innenbildung. R\u00fcckblicke. Ausblicke<\/td>\n<\/tr>\n<tr class=\"row-5 odd\">\n\t<td class=\"column-1\"><a href=\"https:\/\/www.ag-kasuistik.de\/?page_id=1291\">04.-05.05.2024<\/a><\/td><td class=\"column-2\">Halle<\/td><td class=\"column-3\">Bewertung als Belastung? P\u00e4dagogisches Handeln und schulische Selektion<\/td>\n<\/tr>\n<tr class=\"row-6 even\">\n\t<td class=\"column-1\"><a href=\"https:\/\/www.ag-kasuistik.de\/?page_id=1140\">19.-20.10.2023<\/a><\/td><td class=\"column-2\">Z\u00fcrich<\/td><td class=\"column-3\">Der Fall und das Fach<\/td>\n<\/tr>\n<tr class=\"row-7 odd\">\n\t<td class=\"column-1\"><a href=\"https:\/\/www.ag-kasuistik.de\/?page_id=1007(\u00f6ffnet in neuem Tab)\">09.-10.03.2023<\/a><\/td><td class=\"column-2\">Flensburg<\/td><td class=\"column-3\">Erziehung in und durch Schule als Fall<\/td>\n<\/tr>\n<tr class=\"row-8 even\">\n\t<td class=\"column-1\"><a href=\"https:\/\/www.ag-kasuistik.de\/?page_id=966\">07.-08.10.2022<\/a><\/td><td class=\"column-2\">Linz<\/td><td class=\"column-3\">Lehrer*innenbildung als Fall: Sinngehalte, Normierungen, Stimm(ung)en Dokumente und Programmatiken unterschiedlicher Akteur*innen adressiert an die Lehrer*innenbildung<\/td>\n<\/tr>\n<tr class=\"row-9 odd\">\n\t<td class=\"column-1\"><a href=\"https:\/\/www.ag-kasuistik.de\/?page_id=940\">19.-20.05.2022<\/a><\/td><td class=\"column-2\">Osnabr\u00fcck<\/td><td class=\"column-3\">Sch\u00fcler*innen im Fokus kasuistischer Lehrer*innenbildung. Gegenstandsbestimmungen und Fragen der hochschuldidaktischen Vermittlung<\/td>\n<\/tr>\n<tr class=\"row-10 even\">\n\t<td class=\"column-1\"><\/td><td class=\"column-2\">Corona-Pause<\/td><td class=\"column-3\"><\/td>\n<\/tr>\n<tr class=\"row-11 odd\">\n\t<td class=\"column-1\"><a href=\"https:\/\/www.ag-kasuistik.de\/?page_id=838\">10.-11.10.2019<\/a><\/td><td class=\"column-2\">Mainz<\/td><td class=\"column-3\">Der Film als Fall in der Lehrer_innenbildung<\/td>\n<\/tr>\n<tr class=\"row-12 even\">\n\t<td class=\"column-1\"><a href=\"https:\/\/www.ag-kasuistik.de\/?page_id=1380\">10.-11.05.2019<\/a><\/td><td class=\"column-2\">-<\/td><td class=\"column-3\">abgesagt<\/td>\n<\/tr>\n<tr class=\"row-13 odd\">\n\t<td class=\"column-1\"><a href=\"https:\/\/www.ag-kasuistik.de\/?page_id=781\">27.-28.09.2018<\/a><\/td><td class=\"column-2\">Bochum<\/td><td class=\"column-3\">Schule als Fall \u2013 Rekonstruktionen schulischer Wirklichkeit<\/td>\n<\/tr>\n<tr class=\"row-14 even\">\n\t<td class=\"column-1\"><a href=\"https:\/\/www.ag-kasuistik.de\/?page_id=764\">27.-28.04.2018<\/a><\/td><td class=\"column-2\">Wien<\/td><td class=\"column-3\">Lernen am Fall? Didaktische und forschungsmethodische Strategien zwischen Subsumption, Illustration und Rekonstruktion von Unterrichtswirklichkeit<\/td>\n<\/tr>\n<tr class=\"row-15 odd\">\n\t<td class=\"column-1\"><a href=\"https:\/\/www.ag-kasuistik.de\/?page_id=690\" rel=\"noopener\" target=\"_blank\">06.-07.10.2017<\/a><\/td><td class=\"column-2\">Kassel<\/td><td class=\"column-3\">Zwischen zweckm\u00e4\u00dfiger Arbeitshaltung und Reflexion - Bew\u00e4ltigung von Fallarbeit in der Lehrer_innenbildung<\/td>\n<\/tr>\n<tr class=\"row-16 even\">\n\t<td class=\"column-1\"><a href=\"https:\/\/www.ag-kasuistik.de\/?page_id=538\" rel=\"noopener\" target=\"_blank\">03.-04.03.2017<\/a><\/td><td class=\"column-2\">Halle<\/td><td class=\"column-3\">Kasuistik und Fachdidaktik<\/td>\n<\/tr>\n<tr class=\"row-17 odd\">\n\t<td class=\"column-1\"><a href=\"https:\/\/www.ag-kasuistik.de\/?page_id=494\" rel=\"noopener\" target=\"_blank\">18.-19.11.2016<\/a><\/td><td class=\"column-2\">Hildesheim<\/td><td class=\"column-3\">Bild und Ton - methodisch-methodologische Fragen zur kasuistischen Arbeit mit Videos<\/td>\n<\/tr>\n<tr class=\"row-18 even\">\n\t<td class=\"column-1\"><a href=\"https:\/\/www.ag-kasuistik.de\/?page_id=452\" rel=\"noopener\" target=\"_blank\">22.-23.04.2016<\/a><\/td><td class=\"column-2\">G\u00f6ttingen<\/td><td class=\"column-3\">N.N.<\/td>\n<\/tr>\n<tr class=\"row-19 odd\">\n\t<td class=\"column-1\"><a href=\"https:\/\/www.ag-kasuistik.de\/?page_id=216\" rel=\"noopener\" target=\"_blank\">16.-17.10.2015<\/a><\/td><td class=\"column-2\">Mainz<\/td><td class=\"column-3\">N.N.<\/td>\n<\/tr>\n<tr class=\"row-20 even\">\n\t<td class=\"column-1\"><a href=\"https:\/\/www.ag-kasuistik.de\/?page_id=1358\" rel=\"noopener\" target=\"_blank\">12.-13.03.2015<\/a><\/td><td class=\"column-2\">Hannover<\/td><td class=\"column-3\">N.N.<\/td>\n<\/tr>\n<tr class=\"row-21 odd\">\n\t<td class=\"column-1\"><a href=\"https:\/\/www.ag-kasuistik.de\/?page_id=212\" rel=\"noopener\" target=\"_blank\">10.-11.10.2014<\/a><\/td><td class=\"column-2\">W\u00fcrzburg<\/td><td class=\"column-3\">Was verstehen wir unter und was wissen wir \u00fcber kasuistische Lehrerbildung? Eine Zwischenbilanz<\/td>\n<\/tr>\n<\/tbody>\n<\/table>\n<!-- #tablepress-2 from cache -->\n","protected":false},"excerpt":{"rendered":"<p>F\u00fcr weitere Informationen von einzelnen Tagungen klicken Sie bitte auf den jeweiligen Tagungstermin.<\/p>\n","protected":false},"author":5,"featured_media":0,"parent":0,"menu_order":0,"comment_status":"closed","ping_status":"closed","template":"","meta":{"footnotes":""},"yoast_head":"<!-- This site is optimized with the Yoast SEO plugin v21.5 - https:\/\/yoast.com\/wordpress\/plugins\/seo\/ -->\n<title>Veranstaltungsarchiv - AG Kasuistik<\/title>\n<meta name=\"robots\" content=\"index, follow, max-snippet:-1, max-image-preview:large, max-video-preview:-1\" \/>\n<link rel=\"canonical\" href=\"https:\/\/www.ag-kasuistik.de\/?page_id=1058\" \/>\n<meta property=\"og:locale\" content=\"de_DE\" \/>\n<meta property=\"og:type\" content=\"article\" \/>\n<meta property=\"og:title\" content=\"Veranstaltungsarchiv - AG Kasuistik\" \/>\n<meta property=\"og:description\" content=\"F\u00fcr weitere Informationen von einzelnen Tagungen klicken Sie bitte auf den jeweiligen Tagungstermin.\" \/>\n<meta property=\"og:url\" content=\"https:\/\/www.ag-kasuistik.de\/?page_id=1058\" \/>\n<meta property=\"og:site_name\" content=\"AG Kasuistik\" \/>\n<meta property=\"article:modified_time\" content=\"2023-11-23T08:49:50+00:00\" \/>\n<meta name=\"twitter:card\" content=\"summary_large_image\" \/>\n<meta name=\"twitter:label1\" content=\"Gesch\u00e4tzte Lesezeit\" \/>\n\t<meta name=\"twitter:data1\" content=\"1\u00a0Minute\" \/>\n<script type=\"application\/ld+json\" class=\"yoast-schema-graph\">{\"@context\":\"https:\/\/schema.org\",\"@graph\":[{\"@type\":\"WebPage\",\"@id\":\"https:\/\/www.ag-kasuistik.de\/?page_id=1058\",\"url\":\"https:\/\/www.ag-kasuistik.de\/?page_id=1058\",\"name\":\"Veranstaltungsarchiv - AG Kasuistik\",\"isPartOf\":{\"@id\":\"https:\/\/www.ag-kasuistik.de\/#website\"},\"datePublished\":\"2023-03-23T11:11:08+00:00\",\"dateModified\":\"2023-11-23T08:49:50+00:00\",\"breadcrumb\":{\"@id\":\"https:\/\/www.ag-kasuistik.de\/?page_id=1058#breadcrumb\"},\"inLanguage\":\"de\",\"potentialAction\":[{\"@type\":\"ReadAction\",\"target\":[\"https:\/\/www.ag-kasuistik.de\/?page_id=1058\"]}]},{\"@type\":\"BreadcrumbList\",\"@id\":\"https:\/\/www.ag-kasuistik.de\/?page_id=1058#breadcrumb\",\"itemListElement\":[{\"@type\":\"ListItem\",\"position\":1,\"name\":\"Home\",\"item\":\"https:\/\/www.ag-kasuistik.de\/\"},{\"@type\":\"ListItem\",\"position\":2,\"name\":\"Veranstaltungsarchiv\"}]},{\"@type\":\"WebSite\",\"@id\":\"https:\/\/www.ag-kasuistik.de\/#website\",\"url\":\"https:\/\/www.ag-kasuistik.de\/\",\"name\":\"AG Kasuistik\",\"description\":\"Arbeitsgemeinschaft Kasuistik in der Lehrer_innenbildung\",\"potentialAction\":[{\"@type\":\"SearchAction\",\"target\":{\"@type\":\"EntryPoint\",\"urlTemplate\":\"https:\/\/www.ag-kasuistik.de\/?s={search_term_string}\"},\"query-input\":\"required name=search_term_string\"}],\"inLanguage\":\"de\"}]}<\/script>\n<!-- \/ Yoast SEO plugin. -->","yoast_head_json":{"title":"Veranstaltungsarchiv - AG Kasuistik","robots":{"index":"index","follow":"follow","max-snippet":"max-snippet:-1","max-image-preview":"max-image-preview:large","max-video-preview":"max-video-preview:-1"},"canonical":"https:\/\/www.ag-kasuistik.de\/?page_id=1058","og_locale":"de_DE","og_type":"article","og_title":"Veranstaltungsarchiv - AG Kasuistik","og_description":"F\u00fcr weitere Informationen von einzelnen Tagungen klicken Sie bitte auf den jeweiligen Tagungstermin.","og_url":"https:\/\/www.ag-kasuistik.de\/?page_id=1058","og_site_name":"AG Kasuistik","article_modified_time":"2023-11-23T08:49:50+00:00","twitter_card":"summary_large_image","twitter_misc":{"Gesch\u00e4tzte Lesezeit":"1\u00a0Minute"},"schema":{"@context":"https:\/\/schema.org","@graph":[{"@type":"WebPage","@id":"https:\/\/www.ag-kasuistik.de\/?page_id=1058","url":"https:\/\/www.ag-kasuistik.de\/?page_id=1058","name":"Veranstaltungsarchiv - AG Kasuistik","isPartOf":{"@id":"https:\/\/www.ag-kasuistik.de\/#website"},"datePublished":"2023-03-23T11:11:08+00:00","dateModified":"2023-11-23T08:49:50+00:00","breadcrumb":{"@id":"https:\/\/www.ag-kasuistik.de\/?page_id=1058#breadcrumb"},"inLanguage":"de","potentialAction":[{"@type":"ReadAction","target":["https:\/\/www.ag-kasuistik.de\/?page_id=1058"]}]},{"@type":"BreadcrumbList","@id":"https:\/\/www.ag-kasuistik.de\/?page_id=1058#breadcrumb","itemListElement":[{"@type":"ListItem","position":1,"name":"Home","item":"https:\/\/www.ag-kasuistik.de\/"},{"@type":"ListItem","position":2,"name":"Veranstaltungsarchiv"}]},{"@type":"WebSite","@id":"https:\/\/www.ag-kasuistik.de\/#website","url":"https:\/\/www.ag-kasuistik.de\/","name":"AG Kasuistik","description":"Arbeitsgemeinschaft Kasuistik in der Lehrer_innenbildung","potentialAction":[{"@type":"SearchAction","target":{"@type":"EntryPoint","urlTemplate":"https:\/\/www.ag-kasuistik.de\/?s={search_term_string}"},"query-input":"required name=search_term_string"}],"inLanguage":"de"}]}},"_links":{"self":[{"href":"https:\/\/www.ag-kasuistik.de\/index.php?rest_route=\/wp\/v2\/pages\/1058"}],"collection":[{"href":"https:\/\/www.ag-kasuistik.de\/index.php?rest_route=\/wp\/v2\/pages"}],"about":[{"href":"https:\/\/www.ag-kasuistik.de\/index.php?rest_route=\/wp\/v2\/types\/page"}],"author":[{"embeddable":true,"href":"https:\/\/www.ag-kasuistik.de\/index.php?rest_route=\/wp\/v2\/users\/5"}],"replies":[{"embeddable":true,"href":"https:\/\/www.ag-kasuistik.de\/index.php?rest_route=%2Fwp%2Fv2%2Fcomments&post=1058"}],"version-history":[{"count":6,"href":"https:\/\/www.ag-kasuistik.de\/index.php?rest_route=\/wp\/v2\/pages\/1058\/revisions"}],"predecessor-version":[{"id":1239,"href":"https:\/\/www.ag-kasuistik.de\/index.php?rest_route=\/wp\/v2\/pages\/1058\/revisions\/1239"}],"wp:attachment":[{"href":"https:\/\/www.ag-kasuistik.de\/index.php?rest_route=%2Fwp%2Fv2%2Fmedia&parent=1058"}],"curies":[{"name":"wp","href":"https:\/\/api.w.org\/{rel}","templated":true}]}}