{"id":1515,"date":"2025-04-28T15:15:59","date_gmt":"2025-04-28T14:15:59","guid":{"rendered":"https:\/\/www.ag-kasuistik.de\/?page_id=1515"},"modified":"2025-04-28T15:26:32","modified_gmt":"2025-04-28T14:26:32","slug":"18-agk-tagung-24-25-4-2025-wien","status":"publish","type":"page","link":"https:\/\/www.ag-kasuistik.de\/?page_id=1515","title":{"rendered":"18. AGK-Tagung 24.-25.4.2025 Wien"},"content":{"rendered":"\n<p>Die 18. Tagung der Arbeitsgemeinschaft Kasuistik in der Lehrer*innenbildung fand vom <strong>24.-25. April 2025 <\/strong>in<strong> Wien<\/strong> statt.<br>Thema: <em><strong>&#8222;Lehrer*innen-Sch\u00fcler*innen-Interaktionen. Methodologische und methodische Erkundungen&#8220;<\/strong><\/em><br><\/p>\n\n\n\n<p>Die Tagung widmete sich der komplexen Strukturlogik und Dynamik p\u00e4dagogischer Beziehung zwischen Lehrer:innen und Sch\u00fcler:innen, und sie fragt nach (fach-)didaktischen und empirischen Methoden (in der Lehrer:innenbildung), die es erlauben, in Ph\u00e4nomenen der Lehrer:innen-Sch\u00fcler:innen-Interaktionen das Allgemeine und das Singul\u00e4re zugleich hervortreten zu lassen.<br>Auf den ersten Blick erscheint Kasuistik als K\u00f6nigsweg einer theorieaffinen, wie praxisrelevanten \u2013 jedoch von aktuellem Handlungsdruck entlasteten \u2013 Einf\u00fchrung in die Problematiken des p\u00e4dagogischen Handelns, die zudem vielversprechende M\u00f6glichkeiten zur Verkn\u00fcpfung von Forschung und Lehre im Spannungsfeld zwischen Allgemeinem und Besonderem er\u00f6ffnet. Dabei wird tendenziell von \u201eF\u00e4llen\u201c ausgegangen, sodass \u201eam Fall\u201c gelernt werden kann. Auf den zweiten Blick l\u00e4sst sich im Rahmen der Kasuistik eine Reihe unterschiedlicher disziplin\u00e4rer, method(olog)ischer Zug\u00e4nge und didaktischer Gesichtspunkte ausmachen: So wurden in verschiedenen wissenschaftlichen Feldern und Lehrtraditionen ganz unterschiedliche Praktiken des Umgangs mit F\u00e4llen entwickelt, die im Rahmen der Workshops vorgestellt und diskutiert wurden.<\/p>\n\n\n\n<p><\/p>\n\n\n\n<p>Organisation: Evi Agostini (Uni Wien), Eveline Christof (mdw), Tanja Obex (mdw)<br>Tagungsort: Institut f\u00fcr musikp\u00e4dagogische Forschung und Praxis der Universit\u00e4t f\u00fcr Musik und darstellende Kunst Wien (mdw).<\/p>\n\n\n\n<p>Den <strong>Call zur Tagung<\/strong> finden Sie <a href=\"https:\/\/www.ag-kasuistik.de\/wp-content\/uploads\/2024\/12\/Call-for-Proposals-AGK-Wien-2025.pdf\" target=\"_blank\" rel=\"noreferrer noopener\">hier<\/a>.<\/p>\n\n\n\n<p>Das <strong>Programm zur Tagung<\/strong> finden Sie <a href=\"https:\/\/www.ag-kasuistik.de\/wp-content\/uploads\/2025\/04\/Programm-AGK-Wien-2025.pdf\">hier<\/a>.<\/p>\n","protected":false},"excerpt":{"rendered":"<p>Die 18. Tagung der Arbeitsgemeinschaft Kasuistik in der Lehrer*innenbildung fand vom 24.-25. April 2025 in Wien statt.Thema: &#8222;Lehrer*innen-Sch\u00fcler*innen-Interaktionen. Methodologische und methodische Erkundungen&#8220; Die Tagung widmete sich der komplexen Strukturlogik und Dynamik p\u00e4dagogischer Beziehung zwischen Lehrer:innen und Sch\u00fcler:innen, und sie fragt nach (fach-)didaktischen und empirischen Methoden (in der Lehrer:innenbildung), die es erlauben, in Ph\u00e4nomenen der Lehrer:innen-Sch\u00fcler:innen-Interaktionen [&hellip;]<\/p>\n","protected":false},"author":5,"featured_media":0,"parent":0,"menu_order":0,"comment_status":"closed","ping_status":"closed","template":"","meta":{"footnotes":""},"yoast_head":"<!-- This site is optimized with the Yoast SEO plugin v21.5 - https:\/\/yoast.com\/wordpress\/plugins\/seo\/ -->\n<title>18. AGK-Tagung 24.-25.4.2025 Wien - AG Kasuistik<\/title>\n<meta name=\"robots\" content=\"index, follow, max-snippet:-1, max-image-preview:large, max-video-preview:-1\" \/>\n<link rel=\"canonical\" href=\"https:\/\/www.ag-kasuistik.de\/?page_id=1515\" \/>\n<meta property=\"og:locale\" content=\"de_DE\" \/>\n<meta property=\"og:type\" content=\"article\" \/>\n<meta property=\"og:title\" content=\"18. AGK-Tagung 24.-25.4.2025 Wien - AG Kasuistik\" \/>\n<meta property=\"og:description\" content=\"Die 18. Tagung der Arbeitsgemeinschaft Kasuistik in der Lehrer*innenbildung fand vom 24.-25. April 2025 in Wien statt.Thema: &#8222;Lehrer*innen-Sch\u00fcler*innen-Interaktionen. Methodologische und methodische Erkundungen&#8220; Die Tagung widmete sich der komplexen Strukturlogik und Dynamik p\u00e4dagogischer Beziehung zwischen Lehrer:innen und Sch\u00fcler:innen, und sie fragt nach (fach-)didaktischen und empirischen Methoden (in der Lehrer:innenbildung), die es erlauben, in Ph\u00e4nomenen der Lehrer:innen-Sch\u00fcler:innen-Interaktionen [&hellip;]\" \/>\n<meta property=\"og:url\" content=\"https:\/\/www.ag-kasuistik.de\/?page_id=1515\" \/>\n<meta property=\"og:site_name\" content=\"AG Kasuistik\" \/>\n<meta property=\"article:modified_time\" content=\"2025-04-28T14:26:32+00:00\" \/>\n<meta name=\"twitter:card\" content=\"summary_large_image\" \/>\n<meta name=\"twitter:label1\" content=\"Gesch\u00e4tzte Lesezeit\" \/>\n\t<meta name=\"twitter:data1\" content=\"2\u00a0Minuten\" \/>\n<script type=\"application\/ld+json\" class=\"yoast-schema-graph\">{\"@context\":\"https:\/\/schema.org\",\"@graph\":[{\"@type\":\"WebPage\",\"@id\":\"https:\/\/www.ag-kasuistik.de\/?page_id=1515\",\"url\":\"https:\/\/www.ag-kasuistik.de\/?page_id=1515\",\"name\":\"18. AGK-Tagung 24.-25.4.2025 Wien - AG Kasuistik\",\"isPartOf\":{\"@id\":\"https:\/\/www.ag-kasuistik.de\/#website\"},\"datePublished\":\"2025-04-28T14:15:59+00:00\",\"dateModified\":\"2025-04-28T14:26:32+00:00\",\"breadcrumb\":{\"@id\":\"https:\/\/www.ag-kasuistik.de\/?page_id=1515#breadcrumb\"},\"inLanguage\":\"de\",\"potentialAction\":[{\"@type\":\"ReadAction\",\"target\":[\"https:\/\/www.ag-kasuistik.de\/?page_id=1515\"]}]},{\"@type\":\"BreadcrumbList\",\"@id\":\"https:\/\/www.ag-kasuistik.de\/?page_id=1515#breadcrumb\",\"itemListElement\":[{\"@type\":\"ListItem\",\"position\":1,\"name\":\"Home\",\"item\":\"https:\/\/www.ag-kasuistik.de\/\"},{\"@type\":\"ListItem\",\"position\":2,\"name\":\"18. AGK-Tagung 24.-25.4.2025 Wien\"}]},{\"@type\":\"WebSite\",\"@id\":\"https:\/\/www.ag-kasuistik.de\/#website\",\"url\":\"https:\/\/www.ag-kasuistik.de\/\",\"name\":\"AG Kasuistik\",\"description\":\"Arbeitsgemeinschaft Kasuistik in der Lehrer_innenbildung\",\"potentialAction\":[{\"@type\":\"SearchAction\",\"target\":{\"@type\":\"EntryPoint\",\"urlTemplate\":\"https:\/\/www.ag-kasuistik.de\/?s={search_term_string}\"},\"query-input\":\"required name=search_term_string\"}],\"inLanguage\":\"de\"}]}<\/script>\n<!-- \/ Yoast SEO plugin. -->","yoast_head_json":{"title":"18. AGK-Tagung 24.-25.4.2025 Wien - AG Kasuistik","robots":{"index":"index","follow":"follow","max-snippet":"max-snippet:-1","max-image-preview":"max-image-preview:large","max-video-preview":"max-video-preview:-1"},"canonical":"https:\/\/www.ag-kasuistik.de\/?page_id=1515","og_locale":"de_DE","og_type":"article","og_title":"18. AGK-Tagung 24.-25.4.2025 Wien - AG Kasuistik","og_description":"Die 18. Tagung der Arbeitsgemeinschaft Kasuistik in der Lehrer*innenbildung fand vom 24.-25. April 2025 in Wien statt.Thema: &#8222;Lehrer*innen-Sch\u00fcler*innen-Interaktionen. Methodologische und methodische Erkundungen&#8220; Die Tagung widmete sich der komplexen Strukturlogik und Dynamik p\u00e4dagogischer Beziehung zwischen Lehrer:innen und Sch\u00fcler:innen, und sie fragt nach (fach-)didaktischen und empirischen Methoden (in der Lehrer:innenbildung), die es erlauben, in Ph\u00e4nomenen der Lehrer:innen-Sch\u00fcler:innen-Interaktionen [&hellip;]","og_url":"https:\/\/www.ag-kasuistik.de\/?page_id=1515","og_site_name":"AG Kasuistik","article_modified_time":"2025-04-28T14:26:32+00:00","twitter_card":"summary_large_image","twitter_misc":{"Gesch\u00e4tzte Lesezeit":"2\u00a0Minuten"},"schema":{"@context":"https:\/\/schema.org","@graph":[{"@type":"WebPage","@id":"https:\/\/www.ag-kasuistik.de\/?page_id=1515","url":"https:\/\/www.ag-kasuistik.de\/?page_id=1515","name":"18. AGK-Tagung 24.-25.4.2025 Wien - AG Kasuistik","isPartOf":{"@id":"https:\/\/www.ag-kasuistik.de\/#website"},"datePublished":"2025-04-28T14:15:59+00:00","dateModified":"2025-04-28T14:26:32+00:00","breadcrumb":{"@id":"https:\/\/www.ag-kasuistik.de\/?page_id=1515#breadcrumb"},"inLanguage":"de","potentialAction":[{"@type":"ReadAction","target":["https:\/\/www.ag-kasuistik.de\/?page_id=1515"]}]},{"@type":"BreadcrumbList","@id":"https:\/\/www.ag-kasuistik.de\/?page_id=1515#breadcrumb","itemListElement":[{"@type":"ListItem","position":1,"name":"Home","item":"https:\/\/www.ag-kasuistik.de\/"},{"@type":"ListItem","position":2,"name":"18. AGK-Tagung 24.-25.4.2025 Wien"}]},{"@type":"WebSite","@id":"https:\/\/www.ag-kasuistik.de\/#website","url":"https:\/\/www.ag-kasuistik.de\/","name":"AG Kasuistik","description":"Arbeitsgemeinschaft Kasuistik in der Lehrer_innenbildung","potentialAction":[{"@type":"SearchAction","target":{"@type":"EntryPoint","urlTemplate":"https:\/\/www.ag-kasuistik.de\/?s={search_term_string}"},"query-input":"required name=search_term_string"}],"inLanguage":"de"}]}},"_links":{"self":[{"href":"https:\/\/www.ag-kasuistik.de\/index.php?rest_route=\/wp\/v2\/pages\/1515"}],"collection":[{"href":"https:\/\/www.ag-kasuistik.de\/index.php?rest_route=\/wp\/v2\/pages"}],"about":[{"href":"https:\/\/www.ag-kasuistik.de\/index.php?rest_route=\/wp\/v2\/types\/page"}],"author":[{"embeddable":true,"href":"https:\/\/www.ag-kasuistik.de\/index.php?rest_route=\/wp\/v2\/users\/5"}],"replies":[{"embeddable":true,"href":"https:\/\/www.ag-kasuistik.de\/index.php?rest_route=%2Fwp%2Fv2%2Fcomments&post=1515"}],"version-history":[{"count":6,"href":"https:\/\/www.ag-kasuistik.de\/index.php?rest_route=\/wp\/v2\/pages\/1515\/revisions"}],"predecessor-version":[{"id":1525,"href":"https:\/\/www.ag-kasuistik.de\/index.php?rest_route=\/wp\/v2\/pages\/1515\/revisions\/1525"}],"wp:attachment":[{"href":"https:\/\/www.ag-kasuistik.de\/index.php?rest_route=%2Fwp%2Fv2%2Fmedia&parent=1515"}],"curies":[{"name":"wp","href":"https:\/\/api.w.org\/{rel}","templated":true}]}}