{"id":286,"date":"2016-02-10T07:28:51","date_gmt":"2016-02-10T07:28:51","guid":{"rendered":"http:\/\/www.ag-kasuistik.uni-goettingen.de\/?page_id=286"},"modified":"2023-11-08T13:51:40","modified_gmt":"2023-11-08T12:51:40","slug":"sprecher_innen-2","status":"publish","type":"page","link":"https:\/\/www.ag-kasuistik.de\/?page_id=286","title":{"rendered":"Koordinationsteam"},"content":{"rendered":"<table style=\"height: 352px;\" width=\"658\">\n<tbody>\n<tr>\n<td width=\"205\">\n<h5><strong>Dr. Katharina Rosenberger<\/strong><\/h5>\n<p>Kirchliche P\u00e4dagogische Hochschule Wien\/Krems<br \/>\nInstitut f\u00fcr Hochschulentwicklung und Qualit\u00e4tsmanagement<br \/>\nMayerweckstra\u00dfe 1<br \/>\nA-1210 Wien<br \/>\nkatharina.rosenberger(at)kphvie.ac.at<\/td>\n<td width=\"205\">\n<h5><strong>Dr. Helen Lehndorf<\/strong><\/h5>\n<p>Freie Universit\u00e4t Berlin<br \/>\nInstitut f\u00fcr Deutsche und Niederl\u00e4ndische Philologie<br \/>\nHabelschwerdter Allee 45<br \/>\nD-14195 Berlin<br \/>\nTel.: +49 (0) 30 838 71002<br \/>\nhelen.lehndorf(at)fu-berlin.de<\/td>\n<td width=\"205\">\n<h5><strong>Dr. Eike Wolf<\/strong><\/h5>\n<p>Universit\u00e4t Osnabr\u00fcck<br \/>\nInstitut f\u00fcr Erziehungswissenschaft<br \/>\nHeger-Tor-Wall 9<br \/>\nD-49074 Osnabr\u00fcck<br \/>\nTel.: +49 (0) 541 969 4552<br \/>\neike.wolf(at)uni-osnabrueck.de<\/td>\n<td width=\"205\"><\/td>\n<\/tr>\n<\/tbody>\n<\/table>\n<p>Verwaltung des Mitgliederverzeichnisses: eike.wolf(at)uni-osnabrueck.de<br \/>\nVerwaltung der Homepage: katharina.rosenberger(at)kphvie.ac.at<\/p>\n","protected":false},"excerpt":{"rendered":"<p>Dr. Katharina Rosenberger Kirchliche P\u00e4dagogische Hochschule Wien\/Krems Institut f\u00fcr Hochschulentwicklung und Qualit\u00e4tsmanagement Mayerweckstra\u00dfe 1 A-1210 Wien katharina.rosenberger(at)kphvie.ac.at Dr. Helen Lehndorf Freie Universit\u00e4t Berlin Institut f\u00fcr Deutsche und Niederl\u00e4ndische Philologie Habelschwerdter Allee 45 D-14195 Berlin Tel.: +49 (0) 30 838 71002 helen.lehndorf(at)fu-berlin.de Dr. Eike Wolf Universit\u00e4t Osnabr\u00fcck Institut f\u00fcr Erziehungswissenschaft Heger-Tor-Wall 9 D-49074 Osnabr\u00fcck Tel.: +49 [&hellip;]<\/p>\n","protected":false},"author":2,"featured_media":0,"parent":0,"menu_order":0,"comment_status":"closed","ping_status":"closed","template":"","meta":{"footnotes":""},"yoast_head":"<!-- This site is optimized with the Yoast SEO plugin v21.5 - https:\/\/yoast.com\/wordpress\/plugins\/seo\/ -->\n<title>Koordinationsteam - AG Kasuistik<\/title>\n<meta name=\"robots\" content=\"index, follow, max-snippet:-1, max-image-preview:large, max-video-preview:-1\" \/>\n<link rel=\"canonical\" href=\"https:\/\/www.ag-kasuistik.de\/?page_id=286\" \/>\n<meta property=\"og:locale\" content=\"de_DE\" \/>\n<meta property=\"og:type\" content=\"article\" \/>\n<meta property=\"og:title\" content=\"Koordinationsteam - AG Kasuistik\" \/>\n<meta property=\"og:description\" content=\"Dr. Katharina Rosenberger Kirchliche P\u00e4dagogische Hochschule Wien\/Krems Institut f\u00fcr Hochschulentwicklung und Qualit\u00e4tsmanagement Mayerweckstra\u00dfe 1 A-1210 Wien katharina.rosenberger(at)kphvie.ac.at Dr. Helen Lehndorf Freie Universit\u00e4t Berlin Institut f\u00fcr Deutsche und Niederl\u00e4ndische Philologie Habelschwerdter Allee 45 D-14195 Berlin Tel.: +49 (0) 30 838 71002 helen.lehndorf(at)fu-berlin.de Dr. Eike Wolf Universit\u00e4t Osnabr\u00fcck Institut f\u00fcr Erziehungswissenschaft Heger-Tor-Wall 9 D-49074 Osnabr\u00fcck Tel.: +49 [&hellip;]\" \/>\n<meta property=\"og:url\" content=\"https:\/\/www.ag-kasuistik.de\/?page_id=286\" \/>\n<meta property=\"og:site_name\" content=\"AG Kasuistik\" \/>\n<meta property=\"article:modified_time\" content=\"2023-11-08T12:51:40+00:00\" \/>\n<meta name=\"twitter:card\" content=\"summary_large_image\" \/>\n<meta name=\"twitter:label1\" content=\"Gesch\u00e4tzte Lesezeit\" \/>\n\t<meta name=\"twitter:data1\" content=\"1\u00a0Minute\" \/>\n<script type=\"application\/ld+json\" class=\"yoast-schema-graph\">{\"@context\":\"https:\/\/schema.org\",\"@graph\":[{\"@type\":\"WebPage\",\"@id\":\"https:\/\/www.ag-kasuistik.de\/?page_id=286\",\"url\":\"https:\/\/www.ag-kasuistik.de\/?page_id=286\",\"name\":\"Koordinationsteam - AG Kasuistik\",\"isPartOf\":{\"@id\":\"https:\/\/www.ag-kasuistik.de\/#website\"},\"datePublished\":\"2016-02-10T07:28:51+00:00\",\"dateModified\":\"2023-11-08T12:51:40+00:00\",\"breadcrumb\":{\"@id\":\"https:\/\/www.ag-kasuistik.de\/?page_id=286#breadcrumb\"},\"inLanguage\":\"de\",\"potentialAction\":[{\"@type\":\"ReadAction\",\"target\":[\"https:\/\/www.ag-kasuistik.de\/?page_id=286\"]}]},{\"@type\":\"BreadcrumbList\",\"@id\":\"https:\/\/www.ag-kasuistik.de\/?page_id=286#breadcrumb\",\"itemListElement\":[{\"@type\":\"ListItem\",\"position\":1,\"name\":\"Home\",\"item\":\"https:\/\/www.ag-kasuistik.de\/\"},{\"@type\":\"ListItem\",\"position\":2,\"name\":\"Koordinationsteam\"}]},{\"@type\":\"WebSite\",\"@id\":\"https:\/\/www.ag-kasuistik.de\/#website\",\"url\":\"https:\/\/www.ag-kasuistik.de\/\",\"name\":\"AG Kasuistik\",\"description\":\"Arbeitsgemeinschaft Kasuistik in der Lehrer_innenbildung\",\"potentialAction\":[{\"@type\":\"SearchAction\",\"target\":{\"@type\":\"EntryPoint\",\"urlTemplate\":\"https:\/\/www.ag-kasuistik.de\/?s={search_term_string}\"},\"query-input\":\"required name=search_term_string\"}],\"inLanguage\":\"de\"}]}<\/script>\n<!-- \/ Yoast SEO plugin. -->","yoast_head_json":{"title":"Koordinationsteam - AG Kasuistik","robots":{"index":"index","follow":"follow","max-snippet":"max-snippet:-1","max-image-preview":"max-image-preview:large","max-video-preview":"max-video-preview:-1"},"canonical":"https:\/\/www.ag-kasuistik.de\/?page_id=286","og_locale":"de_DE","og_type":"article","og_title":"Koordinationsteam - AG Kasuistik","og_description":"Dr. Katharina Rosenberger Kirchliche P\u00e4dagogische Hochschule Wien\/Krems Institut f\u00fcr Hochschulentwicklung und Qualit\u00e4tsmanagement Mayerweckstra\u00dfe 1 A-1210 Wien katharina.rosenberger(at)kphvie.ac.at Dr. Helen Lehndorf Freie Universit\u00e4t Berlin Institut f\u00fcr Deutsche und Niederl\u00e4ndische Philologie Habelschwerdter Allee 45 D-14195 Berlin Tel.: +49 (0) 30 838 71002 helen.lehndorf(at)fu-berlin.de Dr. Eike Wolf Universit\u00e4t Osnabr\u00fcck Institut f\u00fcr Erziehungswissenschaft Heger-Tor-Wall 9 D-49074 Osnabr\u00fcck Tel.: +49 [&hellip;]","og_url":"https:\/\/www.ag-kasuistik.de\/?page_id=286","og_site_name":"AG Kasuistik","article_modified_time":"2023-11-08T12:51:40+00:00","twitter_card":"summary_large_image","twitter_misc":{"Gesch\u00e4tzte Lesezeit":"1\u00a0Minute"},"schema":{"@context":"https:\/\/schema.org","@graph":[{"@type":"WebPage","@id":"https:\/\/www.ag-kasuistik.de\/?page_id=286","url":"https:\/\/www.ag-kasuistik.de\/?page_id=286","name":"Koordinationsteam - AG Kasuistik","isPartOf":{"@id":"https:\/\/www.ag-kasuistik.de\/#website"},"datePublished":"2016-02-10T07:28:51+00:00","dateModified":"2023-11-08T12:51:40+00:00","breadcrumb":{"@id":"https:\/\/www.ag-kasuistik.de\/?page_id=286#breadcrumb"},"inLanguage":"de","potentialAction":[{"@type":"ReadAction","target":["https:\/\/www.ag-kasuistik.de\/?page_id=286"]}]},{"@type":"BreadcrumbList","@id":"https:\/\/www.ag-kasuistik.de\/?page_id=286#breadcrumb","itemListElement":[{"@type":"ListItem","position":1,"name":"Home","item":"https:\/\/www.ag-kasuistik.de\/"},{"@type":"ListItem","position":2,"name":"Koordinationsteam"}]},{"@type":"WebSite","@id":"https:\/\/www.ag-kasuistik.de\/#website","url":"https:\/\/www.ag-kasuistik.de\/","name":"AG Kasuistik","description":"Arbeitsgemeinschaft Kasuistik in der Lehrer_innenbildung","potentialAction":[{"@type":"SearchAction","target":{"@type":"EntryPoint","urlTemplate":"https:\/\/www.ag-kasuistik.de\/?s={search_term_string}"},"query-input":"required name=search_term_string"}],"inLanguage":"de"}]}},"_links":{"self":[{"href":"https:\/\/www.ag-kasuistik.de\/index.php?rest_route=\/wp\/v2\/pages\/286"}],"collection":[{"href":"https:\/\/www.ag-kasuistik.de\/index.php?rest_route=\/wp\/v2\/pages"}],"about":[{"href":"https:\/\/www.ag-kasuistik.de\/index.php?rest_route=\/wp\/v2\/types\/page"}],"author":[{"embeddable":true,"href":"https:\/\/www.ag-kasuistik.de\/index.php?rest_route=\/wp\/v2\/users\/2"}],"replies":[{"embeddable":true,"href":"https:\/\/www.ag-kasuistik.de\/index.php?rest_route=%2Fwp%2Fv2%2Fcomments&post=286"}],"version-history":[{"count":36,"href":"https:\/\/www.ag-kasuistik.de\/index.php?rest_route=\/wp\/v2\/pages\/286\/revisions"}],"predecessor-version":[{"id":1138,"href":"https:\/\/www.ag-kasuistik.de\/index.php?rest_route=\/wp\/v2\/pages\/286\/revisions\/1138"}],"wp:attachment":[{"href":"https:\/\/www.ag-kasuistik.de\/index.php?rest_route=%2Fwp%2Fv2%2Fmedia&parent=286"}],"curies":[{"name":"wp","href":"https:\/\/api.w.org\/{rel}","templated":true}]}}