{"id":829,"date":"2018-11-08T08:33:08","date_gmt":"2018-11-08T08:33:08","guid":{"rendered":"http:\/\/www.ag-kasuistik.uni-kassel.de\/?page_id=829"},"modified":"2019-04-10T12:15:42","modified_gmt":"2019-04-10T12:15:42","slug":"agk-tagung-10-11-05-2019-koln","status":"publish","type":"page","link":"https:\/\/www.ag-kasuistik.de\/?page_id=829","title":{"rendered":"F\u00c4LLT AUS &#8211; AGK Tagung  10.-11.05.2019 K\u00f6ln"},"content":{"rendered":"<p><strong>Die Tagung muss aus organisatorischen Gr\u00fcnden zu unserem Bedauern leider ausfallen.<\/strong><\/p>\n<p><strong>10. Tagung der Arbeitsgemeinschaft Kasuistik in der lehrer_innenbildung<\/strong><\/p>\n<p>Katholische Hochschule Nordrhein-Westfalen, Abteilung K\u00f6ln<br \/>\nFachbereich Gesundheitswesen<\/p>\n<p><s><strong><span style=\"color: #000000;\">10. &#8211; 11. Mai 2019<\/span><\/strong><\/s><\/p>\n<p><strong>Thema<\/strong><\/p>\n<p>Die Arbeit an und mit F\u00e4llen in der Lehre erfordert in besonderem die eigene Positionierung zum Fallmaterial. Da gerade F\u00e4lle ein besonderes Licht auf das Selbst werfen, k\u00f6nnen sich die Best\u00e4nde betroffener Selbstgegebenheit auch wandeln. F\u00e4lle implizieren immer auch die Aufgabe, das eigene Selbstverst\u00e4ndnis zu hinterfragen und\/oder auszubilden. Zudem kommen in diesem Zusammenhang auch ethische und rechtliche Fragen auf, mithin Facetten des Miteinanders durch den direkten und nicht anonymisierten Kontakt zwischen Forschenden und Forschungsteilnehmenden eine besondere Bedeutung zu.<br \/>\nDas Erheben von Fallmaterial in realen, f\u00fcr die Lehrer_innenbildung relevanten Handlungsfeldern erfordert zun\u00e4chst einen Zugang zu eben diesem Erleben und dem Handlungsfeld. Ben\u00f6tigt werden spezifische Situationen, die dem intendierten Zweck des kasuistischen Arbeitens entsprechen. Diese sind beispielsweise gekennzeichnet durch eine bestimmte Personenkonstellation, herausfordernde fachdidaktische Aufgabenstellungen oder den Anforderungen betrieblicher bzw. au\u00dferschulischer Lehr-Lern-Situationen. In diesen Situationen handelnde Personen sind in mehrfacher, insbesondere in subjektbezogener, ethischer und rechtlicher Hinsicht zu beachten und zu w\u00fcrdigen. Hierbei ist auch der Art des zu gewinnenden Materials eine Bedeutung beizumessen (Textdokumente, Ton- oder Videoaufzeichnungen etc.). Diese offensichtlichen oder auch versteckten Aspekte werfen Fragen auf, denen die Beitr\u00e4ge der Tagung nachgehen.<\/p>\n<p>&nbsp;<\/p>\n<p>Tagungsleitung:\u00a0<a class=\"externalLink\" href=\"https:\/\/www.katho-nrw.de\/koeln\/studium-lehre\/lehrende\/hauptamtlich-lehrende-im-fachbereich-gesundheitswesen\/bruehe-roland-prof-dr\/\">Prof. Dr. Roland Br\u00fche<\/a><br \/>\nVorbereitungsteam: Prof. Dr. Roland Br\u00fche, Prof. Dr. Sabine D\u00f6rpinghaus, Prof. Dr. Wolfgang M. Heffels<\/p>\n","protected":false},"excerpt":{"rendered":"<p>Die Tagung muss aus organisatorischen Gr\u00fcnden zu unserem Bedauern leider ausfallen. 10. Tagung der Arbeitsgemeinschaft Kasuistik in der lehrer_innenbildung Katholische Hochschule Nordrhein-Westfalen, Abteilung K\u00f6ln Fachbereich Gesundheitswesen 10. &#8211; 11. Mai 2019 Thema Die Arbeit an und mit F\u00e4llen in der Lehre erfordert in besonderem die eigene Positionierung zum Fallmaterial. Da gerade F\u00e4lle ein besonderes Licht [&hellip;]<\/p>\n","protected":false},"author":4,"featured_media":0,"parent":0,"menu_order":0,"comment_status":"closed","ping_status":"closed","template":"","meta":{"footnotes":""},"yoast_head":"<!-- This site is optimized with the Yoast SEO plugin v21.5 - https:\/\/yoast.com\/wordpress\/plugins\/seo\/ -->\n<title>F\u00c4LLT AUS - AGK Tagung 10.-11.05.2019 K\u00f6ln - AG Kasuistik<\/title>\n<meta name=\"robots\" content=\"index, follow, max-snippet:-1, max-image-preview:large, max-video-preview:-1\" \/>\n<link rel=\"canonical\" href=\"https:\/\/www.ag-kasuistik.de\/?page_id=829\" \/>\n<meta property=\"og:locale\" content=\"de_DE\" \/>\n<meta property=\"og:type\" content=\"article\" \/>\n<meta property=\"og:title\" content=\"F\u00c4LLT AUS - AGK Tagung 10.-11.05.2019 K\u00f6ln - AG Kasuistik\" \/>\n<meta property=\"og:description\" content=\"Die Tagung muss aus organisatorischen Gr\u00fcnden zu unserem Bedauern leider ausfallen. 10. Tagung der Arbeitsgemeinschaft Kasuistik in der lehrer_innenbildung Katholische Hochschule Nordrhein-Westfalen, Abteilung K\u00f6ln Fachbereich Gesundheitswesen 10. &#8211; 11. Mai 2019 Thema Die Arbeit an und mit F\u00e4llen in der Lehre erfordert in besonderem die eigene Positionierung zum Fallmaterial. Da gerade F\u00e4lle ein besonderes Licht [&hellip;]\" \/>\n<meta property=\"og:url\" content=\"https:\/\/www.ag-kasuistik.de\/?page_id=829\" \/>\n<meta property=\"og:site_name\" content=\"AG Kasuistik\" \/>\n<meta property=\"article:modified_time\" content=\"2019-04-10T12:15:42+00:00\" \/>\n<meta name=\"twitter:card\" content=\"summary_large_image\" \/>\n<meta name=\"twitter:label1\" content=\"Gesch\u00e4tzte Lesezeit\" \/>\n\t<meta name=\"twitter:data1\" content=\"1\u00a0Minute\" \/>\n<script type=\"application\/ld+json\" class=\"yoast-schema-graph\">{\"@context\":\"https:\/\/schema.org\",\"@graph\":[{\"@type\":\"WebPage\",\"@id\":\"https:\/\/www.ag-kasuistik.de\/?page_id=829\",\"url\":\"https:\/\/www.ag-kasuistik.de\/?page_id=829\",\"name\":\"F\u00c4LLT AUS - AGK Tagung 10.-11.05.2019 K\u00f6ln - AG Kasuistik\",\"isPartOf\":{\"@id\":\"https:\/\/www.ag-kasuistik.de\/#website\"},\"datePublished\":\"2018-11-08T08:33:08+00:00\",\"dateModified\":\"2019-04-10T12:15:42+00:00\",\"breadcrumb\":{\"@id\":\"https:\/\/www.ag-kasuistik.de\/?page_id=829#breadcrumb\"},\"inLanguage\":\"de\",\"potentialAction\":[{\"@type\":\"ReadAction\",\"target\":[\"https:\/\/www.ag-kasuistik.de\/?page_id=829\"]}]},{\"@type\":\"BreadcrumbList\",\"@id\":\"https:\/\/www.ag-kasuistik.de\/?page_id=829#breadcrumb\",\"itemListElement\":[{\"@type\":\"ListItem\",\"position\":1,\"name\":\"Home\",\"item\":\"https:\/\/www.ag-kasuistik.de\/\"},{\"@type\":\"ListItem\",\"position\":2,\"name\":\"F\u00c4LLT AUS &#8211; AGK Tagung 10.-11.05.2019 K\u00f6ln\"}]},{\"@type\":\"WebSite\",\"@id\":\"https:\/\/www.ag-kasuistik.de\/#website\",\"url\":\"https:\/\/www.ag-kasuistik.de\/\",\"name\":\"AG Kasuistik\",\"description\":\"Arbeitsgemeinschaft Kasuistik in der Lehrer_innenbildung\",\"potentialAction\":[{\"@type\":\"SearchAction\",\"target\":{\"@type\":\"EntryPoint\",\"urlTemplate\":\"https:\/\/www.ag-kasuistik.de\/?s={search_term_string}\"},\"query-input\":\"required name=search_term_string\"}],\"inLanguage\":\"de\"}]}<\/script>\n<!-- \/ Yoast SEO plugin. -->","yoast_head_json":{"title":"F\u00c4LLT AUS - AGK Tagung 10.-11.05.2019 K\u00f6ln - AG Kasuistik","robots":{"index":"index","follow":"follow","max-snippet":"max-snippet:-1","max-image-preview":"max-image-preview:large","max-video-preview":"max-video-preview:-1"},"canonical":"https:\/\/www.ag-kasuistik.de\/?page_id=829","og_locale":"de_DE","og_type":"article","og_title":"F\u00c4LLT AUS - AGK Tagung 10.-11.05.2019 K\u00f6ln - AG Kasuistik","og_description":"Die Tagung muss aus organisatorischen Gr\u00fcnden zu unserem Bedauern leider ausfallen. 10. Tagung der Arbeitsgemeinschaft Kasuistik in der lehrer_innenbildung Katholische Hochschule Nordrhein-Westfalen, Abteilung K\u00f6ln Fachbereich Gesundheitswesen 10. &#8211; 11. Mai 2019 Thema Die Arbeit an und mit F\u00e4llen in der Lehre erfordert in besonderem die eigene Positionierung zum Fallmaterial. Da gerade F\u00e4lle ein besonderes Licht [&hellip;]","og_url":"https:\/\/www.ag-kasuistik.de\/?page_id=829","og_site_name":"AG Kasuistik","article_modified_time":"2019-04-10T12:15:42+00:00","twitter_card":"summary_large_image","twitter_misc":{"Gesch\u00e4tzte Lesezeit":"1\u00a0Minute"},"schema":{"@context":"https:\/\/schema.org","@graph":[{"@type":"WebPage","@id":"https:\/\/www.ag-kasuistik.de\/?page_id=829","url":"https:\/\/www.ag-kasuistik.de\/?page_id=829","name":"F\u00c4LLT AUS - AGK Tagung 10.-11.05.2019 K\u00f6ln - AG Kasuistik","isPartOf":{"@id":"https:\/\/www.ag-kasuistik.de\/#website"},"datePublished":"2018-11-08T08:33:08+00:00","dateModified":"2019-04-10T12:15:42+00:00","breadcrumb":{"@id":"https:\/\/www.ag-kasuistik.de\/?page_id=829#breadcrumb"},"inLanguage":"de","potentialAction":[{"@type":"ReadAction","target":["https:\/\/www.ag-kasuistik.de\/?page_id=829"]}]},{"@type":"BreadcrumbList","@id":"https:\/\/www.ag-kasuistik.de\/?page_id=829#breadcrumb","itemListElement":[{"@type":"ListItem","position":1,"name":"Home","item":"https:\/\/www.ag-kasuistik.de\/"},{"@type":"ListItem","position":2,"name":"F\u00c4LLT AUS &#8211; AGK Tagung 10.-11.05.2019 K\u00f6ln"}]},{"@type":"WebSite","@id":"https:\/\/www.ag-kasuistik.de\/#website","url":"https:\/\/www.ag-kasuistik.de\/","name":"AG Kasuistik","description":"Arbeitsgemeinschaft Kasuistik in der Lehrer_innenbildung","potentialAction":[{"@type":"SearchAction","target":{"@type":"EntryPoint","urlTemplate":"https:\/\/www.ag-kasuistik.de\/?s={search_term_string}"},"query-input":"required name=search_term_string"}],"inLanguage":"de"}]}},"_links":{"self":[{"href":"https:\/\/www.ag-kasuistik.de\/index.php?rest_route=\/wp\/v2\/pages\/829"}],"collection":[{"href":"https:\/\/www.ag-kasuistik.de\/index.php?rest_route=\/wp\/v2\/pages"}],"about":[{"href":"https:\/\/www.ag-kasuistik.de\/index.php?rest_route=\/wp\/v2\/types\/page"}],"author":[{"embeddable":true,"href":"https:\/\/www.ag-kasuistik.de\/index.php?rest_route=\/wp\/v2\/users\/4"}],"replies":[{"embeddable":true,"href":"https:\/\/www.ag-kasuistik.de\/index.php?rest_route=%2Fwp%2Fv2%2Fcomments&post=829"}],"version-history":[{"count":7,"href":"https:\/\/www.ag-kasuistik.de\/index.php?rest_route=\/wp\/v2\/pages\/829\/revisions"}],"predecessor-version":[{"id":862,"href":"https:\/\/www.ag-kasuistik.de\/index.php?rest_route=\/wp\/v2\/pages\/829\/revisions\/862"}],"wp:attachment":[{"href":"https:\/\/www.ag-kasuistik.de\/index.php?rest_route=%2Fwp%2Fv2%2Fmedia&parent=829"}],"curies":[{"name":"wp","href":"https:\/\/api.w.org\/{rel}","templated":true}]}}