{"id":838,"date":"2019-02-12T15:09:20","date_gmt":"2019-02-12T15:09:20","guid":{"rendered":"http:\/\/www.ag-kasuistik.uni-kassel.de\/?page_id=838"},"modified":"2024-04-12T16:20:52","modified_gmt":"2024-04-12T15:20:52","slug":"agk-tagung-10-11-10-2019-mainz","status":"publish","type":"page","link":"https:\/\/www.ag-kasuistik.de\/?page_id=838","title":{"rendered":"11. AGK-Tagung 10.-11.10.2019 Mainz"},"content":{"rendered":"<p><strong>Der Film als Fall in der Lehrer_innenbildung<\/strong><\/p>\n<p>Dokumentar- und Spielfilme stellen spezifische und bisweilen auch beliebte Medien f\u00fcr kasuistischeLehrer_innenbildung dar, sowohl in den Erziehungswissenschaften als auch in den Fachdidaktiken. Dabei unterscheiden sie sich von Unterrichtsvideos in der Art und Weise der Abbildung von Schulwirklichkeit. Die Tagung der Arbeitsgemeinschaft Kasuistik in der Lehrer_innenbildung r\u00fcckt den Film als Fall ins Zentrum und geht den Fragen nach, wie in der Hochschullehre das Medium Film f\u00fcr die Praxis der gemeinsamen interpretatorischen Erschlie\u00dfung p\u00e4dagogischer Spannungsfelder, Diskurse und Herausforderungen bereits genutzt wird, und inwiefern diese Vergegenw\u00e4rtigung Anlass f\u00fcr methodologische und methodische Vertiefungen sein kann, was die Potentiale vom Film als Fall f\u00fcr die<br \/>\nkasuistische Lehrer_innenbildung betrifft. Die Rezeption von Filmen kann einerseits an alltagsweltliche Erfahrungen Studierender ankn\u00fcpfen, weil sich der Film als Unterhaltungsmedium f\u00fcr affektive Zug\u00e4nge eignet. Andererseits fordert eine wissenschaftliche Logik einen distanzierten, analytischen, re- und dekonstruierenden Blick auf Film als Medium, aus dem theoretische Zug\u00e4nge zur abgebildeten Praxis rekonstruiert werden k\u00f6nnen, und<br \/>\nanhand dessen unterschiedliche Rezeptionslogiken thematisiert werden k\u00f6nnen. Die Tagung bietet den Raum daf\u00fcr zu fragen, was mit Filmen in der kasuistischen Lehrer_innenbildung auf welchen Ebenen wie passiert, und wie diese Erkenntnisse f\u00fcr kasuistische Lehrformate genutzt werden k\u00f6nnen. Wir ersuchen um Beitr\u00e4ge zu Workshops (90 min) unter diesen m\u00f6glichen Frageperspektiven:<\/p>\n<ul>\n<li>Was f\u00fcr ein Fall ist der Film? Was wird im Film zum Fall?<\/li>\n<li>Wie k\u00f6nnen die Unterschiede zwischen aus Forschungszwecken protokollierter p\u00e4dagogischer Praxis und jener, die filmisch konstruiert ist, methodologisch greifbar gemacht werden?<\/li>\n<li>Welche verschiedenen methodischen Zugriffe f\u00f6rdern welche Ergebnisse \u00fcber die<br \/>\nStruktur(logiken) vom Film als Fall im Unterschied zu Videos, Transkripten oder Protokollen als Fall zutage?<\/li>\n<li>Welche forschungsmethodischen Verfahren zur verstehenden Erschlie\u00dfung vom Film als Fall sind f\u00fcr eine kasuistische Lehrer_innenbildung von hochschuldidaktischer Relevanz?<\/li>\n<li>In welchem Verh\u00e4ltnis steht der Zugang zur Rezeptionslogik der Studierenden \u00fcber Filme zu<br \/>\nm\u00f6glichen Filminterpretationen?<\/li>\n<li>Welche Heuristiken k\u00f6nnten das Potential offenlegen, das m\u00f6glicherweise in der<br \/>\nRekonstruktion der abgebildeten p\u00e4dagogischen Praxen in Filmen steckt?<\/li>\n<li>Welcher Mehrwert f\u00fcr die kasuistische Lehrer_innenbildung k\u00f6nnte in der Ber\u00fccksichtigung<br \/>\ninterdisziplin\u00e4rer Filminterpretationen (etwa Film-, Medien- und Kommunikationswissenschaften) liegen?<\/li>\n<li>Was bedeuten diese Perspektiven f\u00fcr den Einsatz von Filmen in der kasuistisch orientierten<br \/>\nLehrer_innenbildung?<\/li>\n<\/ul>\n<p>Willkommen sind auch methodische und methodologische Fokussierungen, die quer zu den Bez\u00fcgen auf den Film als spezifisches Medium bzw. auf Filme in ihrer gegenstandsbezogenen Bedeutung in p\u00e4dagogischen bzw. fachdidaktischen Lernsettings abzielen.<\/p>\n<p>Auch ankn\u00fcpfend an die auf vergangenen Tagungen der AG Kasuistik diskutierte Frage danach, wo und wie die Ergebnisse der Tagungen zug\u00e4nglicher und auch sichtbarer werden k\u00f6nnen, schlagen wir vor, den Diskurs zum Thema der Tagung in das sich derzeit gr\u00fcndende Publikationsmedium datum &amp; diskurs einzubringen und dort fortzuf\u00fchren. N\u00e4heres hierzu wird vor Ort in der Mitgliederversammlung Thema sein.<\/p>\n<p>Das komplette Tagungsprogramm mit Abstracts zu den Beitr\u00e4gen und Workshops finden Sie <a href=\"https:\/\/www.ag-kasuistik.de\/wp-content\/uploads\/2023\/11\/AG-Kasuistiktagung_Der-Film-als-Fall.-Programm-und-Abstracts.pdf\">hier<\/a>.<\/p>\n<p>Das Organisationsteam<br \/>\nChristine Schlickum \/ Johannes Ludwig \/ Helge Kminek \/ Anja Hackbarth \/ Laura Fuhrmann \/ Yal\u0131z Akbaba<\/p>\n<p><a href=\"https:\/\/www.ag-kasuistik.de\/wp-content\/uploads\/2023\/11\/Plakat-Der-Film-als-Fall.-Kasuistik-Tagung-Mainz.pdf\">Plakat: Der Film als Fall. Kasuistik-Tagung Mainz<\/a><\/p>\n","protected":false},"excerpt":{"rendered":"<p>Der Film als Fall in der Lehrer_innenbildung Dokumentar- und Spielfilme stellen spezifische und bisweilen auch beliebte Medien f\u00fcr kasuistischeLehrer_innenbildung dar, sowohl in den Erziehungswissenschaften als auch in den Fachdidaktiken. Dabei unterscheiden sie sich von Unterrichtsvideos in der Art und Weise der Abbildung von Schulwirklichkeit. Die Tagung der Arbeitsgemeinschaft Kasuistik in der Lehrer_innenbildung r\u00fcckt den Film [&hellip;]<\/p>\n","protected":false},"author":4,"featured_media":0,"parent":0,"menu_order":0,"comment_status":"closed","ping_status":"closed","template":"","meta":{"footnotes":""},"yoast_head":"<!-- This site is optimized with the Yoast SEO plugin v21.5 - https:\/\/yoast.com\/wordpress\/plugins\/seo\/ -->\n<title>11. AGK-Tagung 10.-11.10.2019 Mainz - AG Kasuistik<\/title>\n<meta name=\"robots\" content=\"index, follow, max-snippet:-1, max-image-preview:large, max-video-preview:-1\" \/>\n<link rel=\"canonical\" href=\"https:\/\/www.ag-kasuistik.de\/?page_id=838\" \/>\n<meta property=\"og:locale\" content=\"de_DE\" \/>\n<meta property=\"og:type\" content=\"article\" \/>\n<meta property=\"og:title\" content=\"11. AGK-Tagung 10.-11.10.2019 Mainz - AG Kasuistik\" \/>\n<meta property=\"og:description\" content=\"Der Film als Fall in der Lehrer_innenbildung Dokumentar- und Spielfilme stellen spezifische und bisweilen auch beliebte Medien f\u00fcr kasuistischeLehrer_innenbildung dar, sowohl in den Erziehungswissenschaften als auch in den Fachdidaktiken. Dabei unterscheiden sie sich von Unterrichtsvideos in der Art und Weise der Abbildung von Schulwirklichkeit. Die Tagung der Arbeitsgemeinschaft Kasuistik in der Lehrer_innenbildung r\u00fcckt den Film [&hellip;]\" \/>\n<meta property=\"og:url\" content=\"https:\/\/www.ag-kasuistik.de\/?page_id=838\" \/>\n<meta property=\"og:site_name\" content=\"AG Kasuistik\" \/>\n<meta property=\"article:modified_time\" content=\"2024-04-12T15:20:52+00:00\" \/>\n<meta name=\"twitter:card\" content=\"summary_large_image\" \/>\n<meta name=\"twitter:label1\" content=\"Gesch\u00e4tzte Lesezeit\" \/>\n\t<meta name=\"twitter:data1\" content=\"3\u00a0Minuten\" \/>\n<script type=\"application\/ld+json\" class=\"yoast-schema-graph\">{\"@context\":\"https:\/\/schema.org\",\"@graph\":[{\"@type\":\"WebPage\",\"@id\":\"https:\/\/www.ag-kasuistik.de\/?page_id=838\",\"url\":\"https:\/\/www.ag-kasuistik.de\/?page_id=838\",\"name\":\"11. AGK-Tagung 10.-11.10.2019 Mainz - AG Kasuistik\",\"isPartOf\":{\"@id\":\"https:\/\/www.ag-kasuistik.de\/#website\"},\"datePublished\":\"2019-02-12T15:09:20+00:00\",\"dateModified\":\"2024-04-12T15:20:52+00:00\",\"breadcrumb\":{\"@id\":\"https:\/\/www.ag-kasuistik.de\/?page_id=838#breadcrumb\"},\"inLanguage\":\"de\",\"potentialAction\":[{\"@type\":\"ReadAction\",\"target\":[\"https:\/\/www.ag-kasuistik.de\/?page_id=838\"]}]},{\"@type\":\"BreadcrumbList\",\"@id\":\"https:\/\/www.ag-kasuistik.de\/?page_id=838#breadcrumb\",\"itemListElement\":[{\"@type\":\"ListItem\",\"position\":1,\"name\":\"Home\",\"item\":\"https:\/\/www.ag-kasuistik.de\/\"},{\"@type\":\"ListItem\",\"position\":2,\"name\":\"11. AGK-Tagung 10.-11.10.2019 Mainz\"}]},{\"@type\":\"WebSite\",\"@id\":\"https:\/\/www.ag-kasuistik.de\/#website\",\"url\":\"https:\/\/www.ag-kasuistik.de\/\",\"name\":\"AG Kasuistik\",\"description\":\"Arbeitsgemeinschaft Kasuistik in der Lehrer_innenbildung\",\"potentialAction\":[{\"@type\":\"SearchAction\",\"target\":{\"@type\":\"EntryPoint\",\"urlTemplate\":\"https:\/\/www.ag-kasuistik.de\/?s={search_term_string}\"},\"query-input\":\"required name=search_term_string\"}],\"inLanguage\":\"de\"}]}<\/script>\n<!-- \/ Yoast SEO plugin. -->","yoast_head_json":{"title":"11. AGK-Tagung 10.-11.10.2019 Mainz - AG Kasuistik","robots":{"index":"index","follow":"follow","max-snippet":"max-snippet:-1","max-image-preview":"max-image-preview:large","max-video-preview":"max-video-preview:-1"},"canonical":"https:\/\/www.ag-kasuistik.de\/?page_id=838","og_locale":"de_DE","og_type":"article","og_title":"11. AGK-Tagung 10.-11.10.2019 Mainz - AG Kasuistik","og_description":"Der Film als Fall in der Lehrer_innenbildung Dokumentar- und Spielfilme stellen spezifische und bisweilen auch beliebte Medien f\u00fcr kasuistischeLehrer_innenbildung dar, sowohl in den Erziehungswissenschaften als auch in den Fachdidaktiken. Dabei unterscheiden sie sich von Unterrichtsvideos in der Art und Weise der Abbildung von Schulwirklichkeit. Die Tagung der Arbeitsgemeinschaft Kasuistik in der Lehrer_innenbildung r\u00fcckt den Film [&hellip;]","og_url":"https:\/\/www.ag-kasuistik.de\/?page_id=838","og_site_name":"AG Kasuistik","article_modified_time":"2024-04-12T15:20:52+00:00","twitter_card":"summary_large_image","twitter_misc":{"Gesch\u00e4tzte Lesezeit":"3\u00a0Minuten"},"schema":{"@context":"https:\/\/schema.org","@graph":[{"@type":"WebPage","@id":"https:\/\/www.ag-kasuistik.de\/?page_id=838","url":"https:\/\/www.ag-kasuistik.de\/?page_id=838","name":"11. AGK-Tagung 10.-11.10.2019 Mainz - AG Kasuistik","isPartOf":{"@id":"https:\/\/www.ag-kasuistik.de\/#website"},"datePublished":"2019-02-12T15:09:20+00:00","dateModified":"2024-04-12T15:20:52+00:00","breadcrumb":{"@id":"https:\/\/www.ag-kasuistik.de\/?page_id=838#breadcrumb"},"inLanguage":"de","potentialAction":[{"@type":"ReadAction","target":["https:\/\/www.ag-kasuistik.de\/?page_id=838"]}]},{"@type":"BreadcrumbList","@id":"https:\/\/www.ag-kasuistik.de\/?page_id=838#breadcrumb","itemListElement":[{"@type":"ListItem","position":1,"name":"Home","item":"https:\/\/www.ag-kasuistik.de\/"},{"@type":"ListItem","position":2,"name":"11. AGK-Tagung 10.-11.10.2019 Mainz"}]},{"@type":"WebSite","@id":"https:\/\/www.ag-kasuistik.de\/#website","url":"https:\/\/www.ag-kasuistik.de\/","name":"AG Kasuistik","description":"Arbeitsgemeinschaft Kasuistik in der Lehrer_innenbildung","potentialAction":[{"@type":"SearchAction","target":{"@type":"EntryPoint","urlTemplate":"https:\/\/www.ag-kasuistik.de\/?s={search_term_string}"},"query-input":"required name=search_term_string"}],"inLanguage":"de"}]}},"_links":{"self":[{"href":"https:\/\/www.ag-kasuistik.de\/index.php?rest_route=\/wp\/v2\/pages\/838"}],"collection":[{"href":"https:\/\/www.ag-kasuistik.de\/index.php?rest_route=\/wp\/v2\/pages"}],"about":[{"href":"https:\/\/www.ag-kasuistik.de\/index.php?rest_route=\/wp\/v2\/types\/page"}],"author":[{"embeddable":true,"href":"https:\/\/www.ag-kasuistik.de\/index.php?rest_route=\/wp\/v2\/users\/4"}],"replies":[{"embeddable":true,"href":"https:\/\/www.ag-kasuistik.de\/index.php?rest_route=%2Fwp%2Fv2%2Fcomments&post=838"}],"version-history":[{"count":18,"href":"https:\/\/www.ag-kasuistik.de\/index.php?rest_route=\/wp\/v2\/pages\/838\/revisions"}],"predecessor-version":[{"id":1379,"href":"https:\/\/www.ag-kasuistik.de\/index.php?rest_route=\/wp\/v2\/pages\/838\/revisions\/1379"}],"wp:attachment":[{"href":"https:\/\/www.ag-kasuistik.de\/index.php?rest_route=%2Fwp%2Fv2%2Fmedia&parent=838"}],"curies":[{"name":"wp","href":"https:\/\/api.w.org\/{rel}","templated":true}]}}