{"id":966,"date":"2022-06-17T08:16:40","date_gmt":"2022-06-17T08:16:40","guid":{"rendered":"https:\/\/www.ag-kasuistik.de\/?page_id=966"},"modified":"2024-04-12T16:14:51","modified_gmt":"2024-04-12T15:14:51","slug":"agk-tagung-07-08-10-2022-linz","status":"publish","type":"page","link":"https:\/\/www.ag-kasuistik.de\/?page_id=966","title":{"rendered":"13. AGK-Tagung 07.-08.10.2022 Linz"},"content":{"rendered":"<p><strong>Call zur 13. Arbeitstagung Arbeitstagung der Arbeitsgemeinschaft, 7. und 8. Oktober 2022 P\u00e4dagogischen Hochschule Ober\u00f6sterreich<\/strong><\/p>\n<h3><span style=\"color: #000080;\"><strong>Lehrer*innenbildung als Fall: Sinngehalte, Normierungen, Stimm(ung)en<\/strong><\/span><\/h3>\n<h3><span style=\"color: #000080;\"><strong>Dokumente und Programmatiken unterschiedlicher Akteur*innen adressiert an die Lehrer*innenbildung.<\/strong><\/span><\/h3>\n<p>Lehrer*innenbildung hat sich in den letzten beiden Jahrzehnten strukturell gewandelt und wird hinsichtlich Zielen, Inhalten und Methoden vielfach auf unterschiedlichen Ebenen diskutiert und auch ausgehandelt. Ob dies nun Lehrer*innen, Schulleiter*innen, Eltern, Bildungswissenschafter*innen oder auch (Bildungs-)Politiker*innen bzw. Medien sind: Interessant erscheinen uns die in den Dokumenten und Protokollen zur Lehrer*innenbildung sichtbaren Sinnkonstruktionen und die Frage danach, welche Erwartungen und Aufgaben abgeleitet und an die unterschiedlichen Adressaten damit delegiert werden.<\/p>\n<p>Ob man als Anspruch f\u00fcr die Ausbildung beispielsweise vor allem \u201eeisernes Durchhalteverm\u00f6gen\u201c<a href=\"#_ftn1\" name=\"_ftnref1\">[1]<\/a>, mehr Fachdidaktik<a href=\"#_ftn2\" name=\"_ftnref2\">[2]<\/a> oder fallverstehende Reflexivit\u00e4t<a href=\"#_ftn3\" name=\"_ftnref3\">[3]<\/a> (\u2026) formuliert, scheint von verschiedenen Faktoren wie beispielsweise Rolle und\/oder Perspektive bestimmt zu werden. Den unterschiedlichen Sinnangeboten entsprechen sodann unterschiedliche Zielstellungen und Rollen, deren Verh\u00e4ltnis zueinander sich nicht notwendig reibungslos gestaltet.<\/p>\n<p>Durch die unterschiedlichen Perspektiven ergeben sich hier mitunter auch Paradoxien, da die Fokusse auf Lehrer*innenbildung auch grunds\u00e4tzliche gesellschaftspolitische Haltungen auf die Aufgaben und Funktionen von Bildung widerspiegeln, beispielsweise zu zentralen Themen wie Individualisierung vs. Standardisierung und so auch Aushandlungsprozesse mitbestimmen. Daraus resultieren f\u00fcr die Arbeitstagung folgende relevante Fragestellungen:<\/p>\n<ul>\n<li>Wie wird Lehrer*innenbildung auf verschiedenen Ebenen und programmatisch verhandelt?<\/li>\n<li>Wie wird Lehrer*innenbildung in Dokumenten thematisiert und positioniert?<\/li>\n<li>Welche unterschiedlichen latenten sowie manifesten Skripte zu den Funktionen der Lehrer*innenbildung lassen sich erkennen?<\/li>\n<\/ul>\n<p>Wir freuen uns \u00fcber Beitr\u00e4ge, die einen der genannten Themenkomplexe ber\u00fchren oder mehrere Fragestellungen aus den genannten Bereichen verbinden. Wir laden insbesondere auch Kolleg*innen aus den Fachdidaktiken zur Einreichung von Beitr\u00e4gen ein:<\/p>\n<ul>\n<li>Kurzbeschreibung der Thematik\/des Projektes<\/li>\n<li>Welches Material (Transkipte, Zeitungstexte, Reden, \u2026 ) wird im Workshop bearbeitet?<\/li>\n<\/ul>\n<p>Bitte senden Sie Ihren Vorschlag f\u00fcr einen Workshop (90 min) in Form eines kurzen Abstracts (max. 1.000 Zeichen) bis zum 20. August 2022 per Mail an \u00a0<a href=\"mailto:christine.plaimauer@ph-ooe.at\">christine.plaimauer@ph-ooe.at<\/a> und in CC an <a href=\"mailto:christine.kladnik@ph-ooe.at\">christine.kladnik@ph-ooe.at<\/a><\/p>\n<p>Wir freuen uns auf Ihre Einreichungen und die 13. Arbeitstagung der AG Kasuistik in Linz!<\/p>\n<p><em>Christine Plaimauer und Christine Kladnik<\/em><\/p>\n<p><a href=\"#_ftnref1\" name=\"_ftn1\">[1]<\/a> Posting eines ehemaligen Studenten im Forum der \u00f6sterreichischen Tageszeitung \u201eDer Standard\u201c zum Thema \u201eAusbildung der LehrerInnen \u2013 gestern, heute, wie kann sie morgen verbessert werden\u201c? https:\/\/www.derstandard.at\/jetzt\/livebericht\/2000132722985\/wo-gibt-es-schon-jetzt-die-schulen-von-morgen<\/p>\n<p><a href=\"#_ftnref2\" name=\"_ftn2\">[2]<\/a> Zitiert wird im Artikel der Presse Georg Neuweg (Bildungsexperte)<br \/>\n<a href=\"https:\/\/www.diepresse.com\/672936\/kritik-an-lehrerbildung-neu-zu-wenig-fachkompetenz\">https:\/\/www.diepresse.com\/672936\/kritik-an-lehrerbildung-neu-zu-wenig-fachkompetenz<\/a><\/p>\n<p><a href=\"#_ftnref3\" name=\"_ftn3\">[3]<\/a> Combe, A. &amp; Kolbe, F.-U. (2008). Lehrerprofessionalit\u00e4t: Wissen, K\u00f6nnen, Handeln. In: W. Helsper &amp; J. B\u00f6hme (Hrsg.), Handbuch der Schulforschung (S. 857-876). Wiesbaden: VS Verlag f\u00fcr Sozialwissenschaften.<\/p>\n<p><a href=\"https:\/\/www.ag-kasuistik.de\/wp-content\/uploads\/2022\/06\/Call-AG-Kasuistik_7u8-Oktober-PHOOE-Linz.pdf\">Link zum Call als PDF<\/a><\/p>\n<p><a href=\"https:\/\/www.ag-kasuistik.de\/wp-content\/uploads\/2024\/04\/AG-Kasuistik-Treffen-in-Linz-Einladung-und-Programm-8_9_22.pdf\">Link zur Einladung und zum Programm\u00fcberblick<\/a><\/p>\n","protected":false},"excerpt":{"rendered":"<p>Call zur 13. Arbeitstagung Arbeitstagung der Arbeitsgemeinschaft, 7. und 8. Oktober 2022 P\u00e4dagogischen Hochschule Ober\u00f6sterreich Lehrer*innenbildung als Fall: Sinngehalte, Normierungen, Stimm(ung)en Dokumente und Programmatiken unterschiedlicher Akteur*innen adressiert an die Lehrer*innenbildung. Lehrer*innenbildung hat sich in den letzten beiden Jahrzehnten strukturell gewandelt und wird hinsichtlich Zielen, Inhalten und Methoden vielfach auf unterschiedlichen Ebenen diskutiert und auch ausgehandelt. [&hellip;]<\/p>\n","protected":false},"author":4,"featured_media":0,"parent":0,"menu_order":0,"comment_status":"closed","ping_status":"closed","template":"","meta":{"footnotes":""},"yoast_head":"<!-- This site is optimized with the Yoast SEO plugin v21.5 - https:\/\/yoast.com\/wordpress\/plugins\/seo\/ -->\n<title>13. AGK-Tagung 07.-08.10.2022 Linz - AG Kasuistik<\/title>\n<meta name=\"robots\" content=\"index, follow, max-snippet:-1, max-image-preview:large, max-video-preview:-1\" \/>\n<link rel=\"canonical\" href=\"https:\/\/www.ag-kasuistik.de\/?page_id=966\" \/>\n<meta property=\"og:locale\" content=\"de_DE\" \/>\n<meta property=\"og:type\" content=\"article\" \/>\n<meta property=\"og:title\" content=\"13. AGK-Tagung 07.-08.10.2022 Linz - AG Kasuistik\" \/>\n<meta property=\"og:description\" content=\"Call zur 13. Arbeitstagung Arbeitstagung der Arbeitsgemeinschaft, 7. und 8. Oktober 2022 P\u00e4dagogischen Hochschule Ober\u00f6sterreich Lehrer*innenbildung als Fall: Sinngehalte, Normierungen, Stimm(ung)en Dokumente und Programmatiken unterschiedlicher Akteur*innen adressiert an die Lehrer*innenbildung. Lehrer*innenbildung hat sich in den letzten beiden Jahrzehnten strukturell gewandelt und wird hinsichtlich Zielen, Inhalten und Methoden vielfach auf unterschiedlichen Ebenen diskutiert und auch ausgehandelt. [&hellip;]\" \/>\n<meta property=\"og:url\" content=\"https:\/\/www.ag-kasuistik.de\/?page_id=966\" \/>\n<meta property=\"og:site_name\" content=\"AG Kasuistik\" \/>\n<meta property=\"article:modified_time\" content=\"2024-04-12T15:14:51+00:00\" \/>\n<meta name=\"twitter:card\" content=\"summary_large_image\" \/>\n<meta name=\"twitter:label1\" content=\"Gesch\u00e4tzte Lesezeit\" \/>\n\t<meta name=\"twitter:data1\" content=\"3\u00a0Minuten\" \/>\n<script type=\"application\/ld+json\" class=\"yoast-schema-graph\">{\"@context\":\"https:\/\/schema.org\",\"@graph\":[{\"@type\":\"WebPage\",\"@id\":\"https:\/\/www.ag-kasuistik.de\/?page_id=966\",\"url\":\"https:\/\/www.ag-kasuistik.de\/?page_id=966\",\"name\":\"13. AGK-Tagung 07.-08.10.2022 Linz - AG Kasuistik\",\"isPartOf\":{\"@id\":\"https:\/\/www.ag-kasuistik.de\/#website\"},\"datePublished\":\"2022-06-17T08:16:40+00:00\",\"dateModified\":\"2024-04-12T15:14:51+00:00\",\"breadcrumb\":{\"@id\":\"https:\/\/www.ag-kasuistik.de\/?page_id=966#breadcrumb\"},\"inLanguage\":\"de\",\"potentialAction\":[{\"@type\":\"ReadAction\",\"target\":[\"https:\/\/www.ag-kasuistik.de\/?page_id=966\"]}]},{\"@type\":\"BreadcrumbList\",\"@id\":\"https:\/\/www.ag-kasuistik.de\/?page_id=966#breadcrumb\",\"itemListElement\":[{\"@type\":\"ListItem\",\"position\":1,\"name\":\"Home\",\"item\":\"https:\/\/www.ag-kasuistik.de\/\"},{\"@type\":\"ListItem\",\"position\":2,\"name\":\"13. AGK-Tagung 07.-08.10.2022 Linz\"}]},{\"@type\":\"WebSite\",\"@id\":\"https:\/\/www.ag-kasuistik.de\/#website\",\"url\":\"https:\/\/www.ag-kasuistik.de\/\",\"name\":\"AG Kasuistik\",\"description\":\"Arbeitsgemeinschaft Kasuistik in der Lehrer_innenbildung\",\"potentialAction\":[{\"@type\":\"SearchAction\",\"target\":{\"@type\":\"EntryPoint\",\"urlTemplate\":\"https:\/\/www.ag-kasuistik.de\/?s={search_term_string}\"},\"query-input\":\"required name=search_term_string\"}],\"inLanguage\":\"de\"}]}<\/script>\n<!-- \/ Yoast SEO plugin. -->","yoast_head_json":{"title":"13. AGK-Tagung 07.-08.10.2022 Linz - AG Kasuistik","robots":{"index":"index","follow":"follow","max-snippet":"max-snippet:-1","max-image-preview":"max-image-preview:large","max-video-preview":"max-video-preview:-1"},"canonical":"https:\/\/www.ag-kasuistik.de\/?page_id=966","og_locale":"de_DE","og_type":"article","og_title":"13. AGK-Tagung 07.-08.10.2022 Linz - AG Kasuistik","og_description":"Call zur 13. Arbeitstagung Arbeitstagung der Arbeitsgemeinschaft, 7. und 8. Oktober 2022 P\u00e4dagogischen Hochschule Ober\u00f6sterreich Lehrer*innenbildung als Fall: Sinngehalte, Normierungen, Stimm(ung)en Dokumente und Programmatiken unterschiedlicher Akteur*innen adressiert an die Lehrer*innenbildung. Lehrer*innenbildung hat sich in den letzten beiden Jahrzehnten strukturell gewandelt und wird hinsichtlich Zielen, Inhalten und Methoden vielfach auf unterschiedlichen Ebenen diskutiert und auch ausgehandelt. [&hellip;]","og_url":"https:\/\/www.ag-kasuistik.de\/?page_id=966","og_site_name":"AG Kasuistik","article_modified_time":"2024-04-12T15:14:51+00:00","twitter_card":"summary_large_image","twitter_misc":{"Gesch\u00e4tzte Lesezeit":"3\u00a0Minuten"},"schema":{"@context":"https:\/\/schema.org","@graph":[{"@type":"WebPage","@id":"https:\/\/www.ag-kasuistik.de\/?page_id=966","url":"https:\/\/www.ag-kasuistik.de\/?page_id=966","name":"13. AGK-Tagung 07.-08.10.2022 Linz - AG Kasuistik","isPartOf":{"@id":"https:\/\/www.ag-kasuistik.de\/#website"},"datePublished":"2022-06-17T08:16:40+00:00","dateModified":"2024-04-12T15:14:51+00:00","breadcrumb":{"@id":"https:\/\/www.ag-kasuistik.de\/?page_id=966#breadcrumb"},"inLanguage":"de","potentialAction":[{"@type":"ReadAction","target":["https:\/\/www.ag-kasuistik.de\/?page_id=966"]}]},{"@type":"BreadcrumbList","@id":"https:\/\/www.ag-kasuistik.de\/?page_id=966#breadcrumb","itemListElement":[{"@type":"ListItem","position":1,"name":"Home","item":"https:\/\/www.ag-kasuistik.de\/"},{"@type":"ListItem","position":2,"name":"13. AGK-Tagung 07.-08.10.2022 Linz"}]},{"@type":"WebSite","@id":"https:\/\/www.ag-kasuistik.de\/#website","url":"https:\/\/www.ag-kasuistik.de\/","name":"AG Kasuistik","description":"Arbeitsgemeinschaft Kasuistik in der Lehrer_innenbildung","potentialAction":[{"@type":"SearchAction","target":{"@type":"EntryPoint","urlTemplate":"https:\/\/www.ag-kasuistik.de\/?s={search_term_string}"},"query-input":"required name=search_term_string"}],"inLanguage":"de"}]}},"_links":{"self":[{"href":"https:\/\/www.ag-kasuistik.de\/index.php?rest_route=\/wp\/v2\/pages\/966"}],"collection":[{"href":"https:\/\/www.ag-kasuistik.de\/index.php?rest_route=\/wp\/v2\/pages"}],"about":[{"href":"https:\/\/www.ag-kasuistik.de\/index.php?rest_route=\/wp\/v2\/types\/page"}],"author":[{"embeddable":true,"href":"https:\/\/www.ag-kasuistik.de\/index.php?rest_route=\/wp\/v2\/users\/4"}],"replies":[{"embeddable":true,"href":"https:\/\/www.ag-kasuistik.de\/index.php?rest_route=%2Fwp%2Fv2%2Fcomments&post=966"}],"version-history":[{"count":8,"href":"https:\/\/www.ag-kasuistik.de\/index.php?rest_route=\/wp\/v2\/pages\/966\/revisions"}],"predecessor-version":[{"id":1373,"href":"https:\/\/www.ag-kasuistik.de\/index.php?rest_route=\/wp\/v2\/pages\/966\/revisions\/1373"}],"wp:attachment":[{"href":"https:\/\/www.ag-kasuistik.de\/index.php?rest_route=%2Fwp%2Fv2%2Fmedia&parent=966"}],"curies":[{"name":"wp","href":"https:\/\/api.w.org\/{rel}","templated":true}]}}