{"id":976,"date":"2022-09-13T19:56:42","date_gmt":"2022-09-13T19:56:42","guid":{"rendered":"https:\/\/www.ag-kasuistik.de\/?page_id=976"},"modified":"2022-09-13T19:56:42","modified_gmt":"2022-09-13T19:56:42","slug":"agk-tagung-07-08-10-2022-linz-2","status":"publish","type":"page","link":"https:\/\/www.ag-kasuistik.de\/?page_id=976","title":{"rendered":"AGK Tagung 07.-08.10.2022 Linz"},"content":{"rendered":"<p><strong> <span class=\"fontstyle0\">Lehrer*innenbildung als Fall:<br \/>\n<\/span><\/strong><span class=\"fontstyle0\"><strong>Sinngehalte, Normierungen, Stimm(ung)en <\/strong><strong>Dokumente und Programmatikenunterschiedlicher Akteur*innen adressiert an die Lehrer*innenbildung<\/strong><br \/>\n<\/span><span class=\"fontstyle2\">7. und 8. Oktober 2022 an der P\u00e4dagogischen Hochschule Ober\u00f6sterreich, Kaplanhofstra\u00dfe 40, 4020 Linz<br \/>\n<\/span><\/p>\n<p><span class=\"fontstyle2\">In dieser Arbeitstagung besch\u00e4ftigen wir uns mit dem strukturellen Wandel von Lehrer*innenbildung aus unterschiedlichen Perspektiven in diversen Dokumenten, die die Bildung von Lehrer*innen adressieren. (Medien, Schulleiter*innen, Kolleg*innen, Eltern, Politiker*innen und auch Bildungswissenschafter*innen \u2026)<br \/>\nDen sichtbaren Sinnkonstruktionen folgend gehen wir der Frage nach, welche Aufgaben aus den jeweilig verwendeten Dokumenten abgeleitet werden k\u00f6nnen und welche Erwartungen daraus entstehen.<br \/>\n<\/span><span class=\"fontstyle0\">Daraus resultieren f\u00fcr die Arbeitstagung folgende relevante Fragestellungen:<br \/>\n<\/span><\/p>\n<ul>\n<li><span class=\"fontstyle2\">Wie wird Lehrer*innenbildung auf verschiedenen Ebenen und programmatisch verhandelt?<\/span><\/li>\n<li><span class=\"fontstyle2\">Wie wird Lehrer*innenbildung in Dokumenten thematisiert und positioniert?<\/span><\/li>\n<li><span class=\"fontstyle2\">Welche unterschiedlichen latenten sowie manifesten Skripte zu den Funktionen der<br \/>\nLehrer*innenbildung lassen sich erkennen?<\/span><\/li>\n<li><span class=\"fontstyle2\">Welche Erwartungen werden in welcher Form an welche Institutionen (bspw. Schulen,<br \/>\nLehrpersonen, Studierende) der Lehrer*innenbildung delegiert?<br \/>\n<\/span><\/li>\n<\/ul>\n<p><span class=\"fontstyle2\">Alle relevanten Informationen zur Tagung (Anmeldung, Call, Lageplan, Hotelempfehlungen) finden Sie auf der Homepage zur Tagung unter:\u00a0<a href=\"https:\/\/ph-ooe.at\/ag-kasuistik\">https:\/\/ph-ooe.at\/ag-kasuistik<\/a><\/span><\/p>\n<p>Das aktuelle Programm finden Sie <a href=\"https:\/\/www.ag-kasuistik.de\/wp-content\/uploads\/2022\/09\/AG-Kasuistik-Treffen-in-Linz-Einladung-und-Programm-8_9_22.pdf\"><strong>hier<\/strong><\/a>.<\/p>\n","protected":false},"excerpt":{"rendered":"<p>Lehrer*innenbildung als Fall: Sinngehalte, Normierungen, Stimm(ung)en Dokumente und Programmatikenunterschiedlicher Akteur*innen adressiert an die Lehrer*innenbildung 7. und 8. Oktober 2022 an der P\u00e4dagogischen Hochschule Ober\u00f6sterreich, Kaplanhofstra\u00dfe 40, 4020 Linz In dieser Arbeitstagung besch\u00e4ftigen wir uns mit dem strukturellen Wandel von Lehrer*innenbildung aus unterschiedlichen Perspektiven in diversen Dokumenten, die die Bildung von Lehrer*innen adressieren. (Medien, Schulleiter*innen, Kolleg*innen, [&hellip;]<\/p>\n","protected":false},"author":4,"featured_media":0,"parent":0,"menu_order":0,"comment_status":"closed","ping_status":"closed","template":"","meta":{"footnotes":""},"yoast_head":"<!-- This site is optimized with the Yoast SEO plugin v21.5 - https:\/\/yoast.com\/wordpress\/plugins\/seo\/ -->\n<title>AGK Tagung 07.-08.10.2022 Linz - AG Kasuistik<\/title>\n<meta name=\"robots\" content=\"index, follow, max-snippet:-1, max-image-preview:large, max-video-preview:-1\" \/>\n<link rel=\"canonical\" href=\"https:\/\/www.ag-kasuistik.de\/?page_id=976\" \/>\n<meta property=\"og:locale\" content=\"de_DE\" \/>\n<meta property=\"og:type\" content=\"article\" \/>\n<meta property=\"og:title\" content=\"AGK Tagung 07.-08.10.2022 Linz - AG Kasuistik\" \/>\n<meta property=\"og:description\" content=\"Lehrer*innenbildung als Fall: Sinngehalte, Normierungen, Stimm(ung)en Dokumente und Programmatikenunterschiedlicher Akteur*innen adressiert an die Lehrer*innenbildung 7. und 8. Oktober 2022 an der P\u00e4dagogischen Hochschule Ober\u00f6sterreich, Kaplanhofstra\u00dfe 40, 4020 Linz In dieser Arbeitstagung besch\u00e4ftigen wir uns mit dem strukturellen Wandel von Lehrer*innenbildung aus unterschiedlichen Perspektiven in diversen Dokumenten, die die Bildung von Lehrer*innen adressieren. (Medien, Schulleiter*innen, Kolleg*innen, [&hellip;]\" \/>\n<meta property=\"og:url\" content=\"https:\/\/www.ag-kasuistik.de\/?page_id=976\" \/>\n<meta property=\"og:site_name\" content=\"AG Kasuistik\" \/>\n<meta name=\"twitter:card\" content=\"summary_large_image\" \/>\n<meta name=\"twitter:label1\" content=\"Gesch\u00e4tzte Lesezeit\" \/>\n\t<meta name=\"twitter:data1\" content=\"1\u00a0Minute\" \/>\n<script type=\"application\/ld+json\" class=\"yoast-schema-graph\">{\"@context\":\"https:\/\/schema.org\",\"@graph\":[{\"@type\":\"WebPage\",\"@id\":\"https:\/\/www.ag-kasuistik.de\/?page_id=976\",\"url\":\"https:\/\/www.ag-kasuistik.de\/?page_id=976\",\"name\":\"AGK Tagung 07.-08.10.2022 Linz - AG Kasuistik\",\"isPartOf\":{\"@id\":\"https:\/\/www.ag-kasuistik.de\/#website\"},\"datePublished\":\"2022-09-13T19:56:42+00:00\",\"dateModified\":\"2022-09-13T19:56:42+00:00\",\"breadcrumb\":{\"@id\":\"https:\/\/www.ag-kasuistik.de\/?page_id=976#breadcrumb\"},\"inLanguage\":\"de\",\"potentialAction\":[{\"@type\":\"ReadAction\",\"target\":[\"https:\/\/www.ag-kasuistik.de\/?page_id=976\"]}]},{\"@type\":\"BreadcrumbList\",\"@id\":\"https:\/\/www.ag-kasuistik.de\/?page_id=976#breadcrumb\",\"itemListElement\":[{\"@type\":\"ListItem\",\"position\":1,\"name\":\"Home\",\"item\":\"https:\/\/www.ag-kasuistik.de\/\"},{\"@type\":\"ListItem\",\"position\":2,\"name\":\"AGK Tagung 07.-08.10.2022 Linz\"}]},{\"@type\":\"WebSite\",\"@id\":\"https:\/\/www.ag-kasuistik.de\/#website\",\"url\":\"https:\/\/www.ag-kasuistik.de\/\",\"name\":\"AG Kasuistik\",\"description\":\"Arbeitsgemeinschaft Kasuistik in der Lehrer_innenbildung\",\"potentialAction\":[{\"@type\":\"SearchAction\",\"target\":{\"@type\":\"EntryPoint\",\"urlTemplate\":\"https:\/\/www.ag-kasuistik.de\/?s={search_term_string}\"},\"query-input\":\"required name=search_term_string\"}],\"inLanguage\":\"de\"}]}<\/script>\n<!-- \/ Yoast SEO plugin. -->","yoast_head_json":{"title":"AGK Tagung 07.-08.10.2022 Linz - AG Kasuistik","robots":{"index":"index","follow":"follow","max-snippet":"max-snippet:-1","max-image-preview":"max-image-preview:large","max-video-preview":"max-video-preview:-1"},"canonical":"https:\/\/www.ag-kasuistik.de\/?page_id=976","og_locale":"de_DE","og_type":"article","og_title":"AGK Tagung 07.-08.10.2022 Linz - AG Kasuistik","og_description":"Lehrer*innenbildung als Fall: Sinngehalte, Normierungen, Stimm(ung)en Dokumente und Programmatikenunterschiedlicher Akteur*innen adressiert an die Lehrer*innenbildung 7. und 8. Oktober 2022 an der P\u00e4dagogischen Hochschule Ober\u00f6sterreich, Kaplanhofstra\u00dfe 40, 4020 Linz In dieser Arbeitstagung besch\u00e4ftigen wir uns mit dem strukturellen Wandel von Lehrer*innenbildung aus unterschiedlichen Perspektiven in diversen Dokumenten, die die Bildung von Lehrer*innen adressieren. (Medien, Schulleiter*innen, Kolleg*innen, [&hellip;]","og_url":"https:\/\/www.ag-kasuistik.de\/?page_id=976","og_site_name":"AG Kasuistik","twitter_card":"summary_large_image","twitter_misc":{"Gesch\u00e4tzte Lesezeit":"1\u00a0Minute"},"schema":{"@context":"https:\/\/schema.org","@graph":[{"@type":"WebPage","@id":"https:\/\/www.ag-kasuistik.de\/?page_id=976","url":"https:\/\/www.ag-kasuistik.de\/?page_id=976","name":"AGK Tagung 07.-08.10.2022 Linz - AG Kasuistik","isPartOf":{"@id":"https:\/\/www.ag-kasuistik.de\/#website"},"datePublished":"2022-09-13T19:56:42+00:00","dateModified":"2022-09-13T19:56:42+00:00","breadcrumb":{"@id":"https:\/\/www.ag-kasuistik.de\/?page_id=976#breadcrumb"},"inLanguage":"de","potentialAction":[{"@type":"ReadAction","target":["https:\/\/www.ag-kasuistik.de\/?page_id=976"]}]},{"@type":"BreadcrumbList","@id":"https:\/\/www.ag-kasuistik.de\/?page_id=976#breadcrumb","itemListElement":[{"@type":"ListItem","position":1,"name":"Home","item":"https:\/\/www.ag-kasuistik.de\/"},{"@type":"ListItem","position":2,"name":"AGK Tagung 07.-08.10.2022 Linz"}]},{"@type":"WebSite","@id":"https:\/\/www.ag-kasuistik.de\/#website","url":"https:\/\/www.ag-kasuistik.de\/","name":"AG Kasuistik","description":"Arbeitsgemeinschaft Kasuistik in der Lehrer_innenbildung","potentialAction":[{"@type":"SearchAction","target":{"@type":"EntryPoint","urlTemplate":"https:\/\/www.ag-kasuistik.de\/?s={search_term_string}"},"query-input":"required name=search_term_string"}],"inLanguage":"de"}]}},"_links":{"self":[{"href":"https:\/\/www.ag-kasuistik.de\/index.php?rest_route=\/wp\/v2\/pages\/976"}],"collection":[{"href":"https:\/\/www.ag-kasuistik.de\/index.php?rest_route=\/wp\/v2\/pages"}],"about":[{"href":"https:\/\/www.ag-kasuistik.de\/index.php?rest_route=\/wp\/v2\/types\/page"}],"author":[{"embeddable":true,"href":"https:\/\/www.ag-kasuistik.de\/index.php?rest_route=\/wp\/v2\/users\/4"}],"replies":[{"embeddable":true,"href":"https:\/\/www.ag-kasuistik.de\/index.php?rest_route=%2Fwp%2Fv2%2Fcomments&post=976"}],"version-history":[{"count":1,"href":"https:\/\/www.ag-kasuistik.de\/index.php?rest_route=\/wp\/v2\/pages\/976\/revisions"}],"predecessor-version":[{"id":978,"href":"https:\/\/www.ag-kasuistik.de\/index.php?rest_route=\/wp\/v2\/pages\/976\/revisions\/978"}],"wp:attachment":[{"href":"https:\/\/www.ag-kasuistik.de\/index.php?rest_route=%2Fwp%2Fv2%2Fmedia&parent=976"}],"curies":[{"name":"wp","href":"https:\/\/api.w.org\/{rel}","templated":true}]}}